{"id":161,"date":"2020-12-08T12:05:53","date_gmt":"2020-12-08T11:05:53","guid":{"rendered":"https:\/\/1u7l92bgaem.preview.infomaniak.website\/?page_id=161"},"modified":"2023-07-06T10:42:52","modified_gmt":"2023-07-06T08:42:52","slug":"contact","status":"publish","type":"page","link":"https:\/\/www.mfta.fr\/de\/contact\/","title":{"rendered":"Kontakt"},"content":{"rendered":"<div class=\"wp-block-columns alignfull no-margin-bottom is-layout-flex wp-container-core-columns-is-layout-28f84493 wp-block-columns-is-layout-flex\">\n<div class=\"wp-block-column is-vertically-aligned-center is-layout-flow wp-block-column-is-layout-flow\">\n<div class=\"wp-block-group is-layout-flow wp-block-group-is-layout-flow\">\n<div class=\"wp-block-group is-layout-flow wp-block-group-is-layout-flow\">\n<h2 class=\"wp-block-heading has-text-align-center\" id=\"nous-contacter\">Uns Kontaktieren<\/h2>\n\n\n\n<p class=\"has-text-align-center\">Tel : 00 33\/ (0)3 89 35 72 35<br>Fax : 00 33\/ (0)3 89 35 72 00<br>10 rue Gutenberg<br>68800 VIEUX-THANN<br>FRANCE<\/p>\n<\/div>\n<\/div>\n\n\n\n<p class=\"has-text-align-center\"><\/p>\n<\/div>\n\n\n\n<div class=\"wp-block-column is-vertically-aligned-center no-margin-top is-layout-flow wp-block-column-is-layout-flow\">\n<div class=\"wp-block-group is-layout-flow wp-block-group-is-layout-flow\">\n<div class=\"wp-block-group alignfull has-palette-color-1-background-color has-background is-layout-flow wp-block-group-is-layout-flow\"><form id=\"forminator-module-677\" class=\"forminator-custom-form forminator-custom-form-677\" method=\"post\" data-forminator-render=\"0\" data-uid=\"69d71ea528e63\" action=\"\"><div role=\"alert\" aria-live=\"polite\" class=\"forminator-response-message forminator-error\" aria-hidden=\"true\"><\/div><input type=\"hidden\" name=\"trp-form-language\" value=\"de\"\/><\/form>\n<\/div>\n<\/div>\n<\/div>\n<\/div>\n\n\n\n<h2 class=\"wp-block-heading\" id=\"nos-agents-a-travers-le-monde\">Unsere Agenten auf der ganzen Welt<\/h2>\n\n\n\n<div class=\"wp-block-group is-layout-flow wp-block-group-is-layout-flow\">\n<div class=\"wp-block-columns is-layout-flex wp-container-core-columns-is-layout-28f84493 wp-block-columns-is-layout-flex\">\n<div class=\"wp-block-column is-layout-flow wp-block-column-is-layout-flow\">\n<div class=\"wp-block-group is-layout-flow wp-block-group-is-layout-flow\">\n<p class=\"has-text-align-center\">Howard Blumenthal<br>Angleterre, Londres<br>Tel : +442073818589<br>Mobile : +447958324284<br><a href=\"mailto:howard.blumenthal@btinternet.com\">howard.blumenthal@btinternet.com<\/a><\/p>\n<\/div>\n<\/div>\n\n\n\n<div class=\"wp-block-column is-layout-flow wp-block-column-is-layout-flow\">\n<p class=\"has-text-align-center\">Jansen Gmbh Texilagentur<br>M &amp; Mme Jansen<br>Deutschland<br>Tel\/Fax : +495214041077\/79<br>Mobile : +491733140340<br><a href=\"mailto:jansen.gmbh@arcor.de\">jansen.gmbh@arcor.de<\/a><\/p>\n<\/div>\n\n\n\n<div class=\"wp-block-column is-layout-flow wp-block-column-is-layout-flow\">\n<p class=\"has-text-align-center\">Patrice Vandevelde<br>Belgique<br>Tel\/Fax : +33320018125<br>Mobile : +33614275559<br><a href=\"mailto:patricevandevelde@sfr.fr\">patricevandevelde@sfr.fr<\/a><\/p>\n<\/div>\n\n\n\n<div class=\"wp-block-column is-layout-flow wp-block-column-is-layout-flow\">\n<p class=\"has-text-align-center\">Yunhee Lee<br>Korea<br>Tel\/Fax : +82 10 7262 2565<br><br><strong><a href=\"mailto:yunheecreation@gmail.com\">yunheecreation@gmail.com<\/a><\/strong><\/p>\n<\/div>\n<\/div>\n\n\n\n<div class=\"wp-block-columns is-layout-flex wp-container-core-columns-is-layout-28f84493 wp-block-columns-is-layout-flex\">\n<div class=\"wp-block-column is-layout-flow wp-block-column-is-layout-flow\">\n<div class=\"wp-block-group is-layout-flow wp-block-group-is-layout-flow\">\n<p class=\"has-text-align-center\">Pedro Fernandes<br>Portugal<br>Tel : +3551217816780<br>Fax : +351217816787<br>Mobile : +351919317969<br><a href=\"mailto:mdsousa@mail.telepac.pt\">mdsousa@mail.telepac.pt<\/a><\/p>\n<\/div>\n<\/div>\n\n\n\n<div class=\"wp-block-column is-layout-flow wp-block-column-is-layout-flow\">\n<p class=\"has-text-align-center\">Vera Kr\u00e1tk\u00e1<br>R\u00e9publique Tch\u00e8que<br>Tel : +420775353522<br><a href=\"mailto:info@veronikatextil.cz\">info@veronikatextil.cz<\/a><\/p>\n<\/div>\n\n\n\n<div class=\"wp-block-column is-layout-flow wp-block-column-is-layout-flow\">\n<p class=\"has-text-align-center\">Dionissis Vaxevanis<br>Gr\u00e8ce, Ath\u00e8nes<br>Tel : +302102791191<br>Fax : +302101733687<br>Mobile : +306945430680<br><a href=\"mailto:dbajeban@internet.gr\">dbajeban@internet.gr<\/a><\/p>\n<\/div>\n\n\n\n<div class=\"wp-block-column is-layout-flow wp-block-column-is-layout-flow\">\n<p class=\"has-text-align-center\">Galina Broussentsova<br>Russie<br>Tel\/Fax : +74956555169<br>Mobile : +74957695619<br><a href=\"mailto:gbrous@yandex.ru\">gbrous@yandex.ru<\/a><\/p>\n<\/div>\n<\/div>\n\n\n\n<div class=\"wp-block-columns is-layout-flex wp-container-core-columns-is-layout-28f84493 wp-block-columns-is-layout-flex\">\n<div class=\"wp-block-column is-layout-flow wp-block-column-is-layout-flow\">\n<div class=\"wp-block-group is-layout-flow wp-block-group-is-layout-flow\">\n<p class=\"has-text-align-center\">Ruben Olle Martin<br>Espagne, Madrid<br>Tel : +34686995388<br><a href=\"mailto:rubenolle@hotmail.com\">rubenolle@hotmail.com<\/a><\/p>\n\n\n\n<p class=\"has-text-align-center\"><\/p>\n<\/div>\n<\/div>\n\n\n\n<div class=\"wp-block-column is-layout-flow wp-block-column-is-layout-flow\">\n<p class=\"has-text-align-center\">Sebastia Ortiz Sarriera<br>Espagne, Catalogne<br>Tel : +34610266475<br><a href=\"mailto:sortiz@sortiz.cat\">sortiz@sortiz.cat<\/a><\/p>\n<\/div>\n\n\n\n<div class=\"wp-block-column is-layout-flow wp-block-column-is-layout-flow\">\n<p class=\"has-text-align-center\">Jose Luis Molla<br>Espagne, Sauf Madrid &amp; Catalogne<br>Tel : +34 620741469<br><a href=\"mailto:joselmolla@gmail.com\">joselmolla@gmail.com<\/a><\/p>\n<\/div>\n\n\n\n<div class=\"wp-block-column is-layout-flow wp-block-column-is-layout-flow\">\n<p class=\"has-text-align-center\">Guido Trombetta<br>Italie<br>Tel : +390362341439<br><a href=\"mailto:gt@guidotrombetta.it\">gt@guidotrombetta.it<\/a><\/p>\n<\/div>\n\n\n\n<div class=\"wp-block-column is-layout-flow wp-block-column-is-layout-flow\">\n<p class=\"has-text-align-center\">Balmoral International<br>Japon<br>Tel : +81643047200<br>Fax : +81667629500<br><a href=\"mailto:trade@balmoral.co.jp\">trade@balmoral.co.jp<\/a><\/p>\n<\/div>\n<\/div>\n\n\n\n<div class=\"wp-block-columns is-layout-flex wp-container-core-columns-is-layout-28f84493 wp-block-columns-is-layout-flex\">\n<div class=\"wp-block-column is-layout-flow wp-block-column-is-layout-flow\">\n<div class=\"wp-block-group is-layout-flow wp-block-group-is-layout-flow\">\n<p class=\"has-text-align-center\">Jan Zevalkink<br>Pays Bas<br>Tel\/Fax : +31294251327<br>Mobile : +31629230576<br><a href=\"mailto:zevalkinkjan@hotmail.com\">zevalkinkjan@hotmail.com<\/a><\/p>\n<\/div>\n<\/div>\n\n\n\n<div class=\"wp-block-column is-layout-flow wp-block-column-is-layout-flow\">\n<p class=\"has-text-align-center\">Chris Roche<br>Australien\/ Neuseeland<br>Tel\/Fax : +61 07 3132 8990<br>Mobile : +61 0417 712 338<br><a rel=\"noreferrer noopener\" href=\"mailto:chris@twogreenzebras.com\" target=\"_blank\">chris@twogreenzebras.com<\/a><\/p>\n<\/div>\n\n\n\n<div class=\"wp-block-column is-layout-flow wp-block-column-is-layout-flow\">\n<p class=\"has-text-align-center\">P\u00e5r Persson<br>Su\u00e8de &amp; Norv\u00e8ge<br>Tel : +46431411605<br><a href=\"mailto:par.persson@capetex.se\">par.persson@capetex.se<\/a><\/p>\n<\/div>\n<\/div>\n<\/div>\n\n\n\n<div class=\"wp-block-group alignfull no-margin-bottom has-palette-color-2-background-color has-background\"><div class=\"wp-block-group__inner-container is-layout-flow wp-block-group-is-layout-flow\">\n<h2 class=\"has-text-align-center wp-block-heading\">Registrieren Sie sich f\u00fcr unseren Newsletter<\/h2>\n\n\n<form id=\"forminator-module-686\" class=\"forminator-custom-form forminator-custom-form-686\" method=\"post\" data-forminator-render=\"0\" data-uid=\"69d71ea52abbb\" action=\"\"><div role=\"alert\" aria-live=\"polite\" class=\"forminator-response-message forminator-error\" aria-hidden=\"true\"><\/div><input type=\"hidden\" name=\"trp-form-language\" value=\"de\"\/><\/form>\n<\/div><\/div>","protected":false},"excerpt":{"rendered":"<p>Nous contacter Tel : 00 33\/ (0)3 89 35 72 35Fax : 00 33\/ (0)3 89 35 72 0010 rue Gutenberg68800 VIEUX-THANNFRANCE Nos agents \u00e0 travers le monde Howard BlumenthalAngleterre, LondresTel : +442073818589Mobile : +447958324284howard.blumenthal@btinternet.com Jansen Gmbh TexilagenturM &amp; Mme JansenAllemagne, BielefeldTel\/Fax : +495214041077\/79Mobile : +491733140340jansen.gmbh@arcor.de Patrice VandeveldeBelgiqueTel\/Fax : +33320018125Mobile : +33614275559patricevandevelde@sfr.fr Yunhee LeeCor\u00e9eTel\/Fax : [&hellip;]<\/p>\n","protected":false},"author":1,"featured_media":0,"parent":0,"menu_order":0,"comment_status":"closed","ping_status":"closed","template":"","meta":{"_acf_changed":false,"footnotes":""},"class_list":["post-161","page","type-page","status-publish","hentry"],"blocksy_meta":{"styles_descriptor":{"styles":{"desktop":"","tablet":"","mobile":""},"google_fonts":[],"version":6}},"acf":[],"_links":{"self":[{"href":"https:\/\/www.mfta.fr\/de\/wp-json\/wp\/v2\/pages\/161","targetHints":{"allow":["GET"]}}],"collection":[{"href":"https:\/\/www.mfta.fr\/de\/wp-json\/wp\/v2\/pages"}],"about":[{"href":"https:\/\/www.mfta.fr\/de\/wp-json\/wp\/v2\/types\/page"}],"author":[{"embeddable":true,"href":"https:\/\/www.mfta.fr\/de\/wp-json\/wp\/v2\/users\/1"}],"replies":[{"embeddable":true,"href":"https:\/\/www.mfta.fr\/de\/wp-json\/wp\/v2\/comments?post=161"}],"version-history":[{"count":13,"href":"https:\/\/www.mfta.fr\/de\/wp-json\/wp\/v2\/pages\/161\/revisions"}],"predecessor-version":[{"id":8854,"href":"https:\/\/www.mfta.fr\/de\/wp-json\/wp\/v2\/pages\/161\/revisions\/8854"}],"wp:attachment":[{"href":"https:\/\/www.mfta.fr\/de\/wp-json\/wp\/v2\/media?parent=161"}],"curies":[{"name":"wp","href":"https:\/\/api.w.org\/{rel}","templated":true}]}}