{"id":793,"date":"2021-01-20T16:00:42","date_gmt":"2021-01-20T15:00:42","guid":{"rendered":"https:\/\/1u7l92bgaem.preview.infomaniak.website\/?page_id=793"},"modified":"2022-01-05T11:02:29","modified_gmt":"2022-01-05T10:02:29","slug":"apercu-de-la-collection-automne-hiver-2021","status":"publish","type":"page","link":"https:\/\/www.mfta.fr\/de\/apercu-de-la-collection-automne-hiver-2021\/","title":{"rendered":"Aper\u00e7u de la collection Automne-Hiver 2021"},"content":{"rendered":"<div class=\"wp-block-columns is-layout-flex wp-container-core-columns-is-layout-28f84493 wp-block-columns-is-layout-flex\">\n<div class=\"wp-block-column is-layout-flow wp-block-column-is-layout-flow\">\n<figure class=\"wp-block-gallery aligncenter columns-2 is-cropped wp-block-gallery-1 is-layout-flex wp-block-gallery-is-layout-flex\"><ul class=\"blocks-gallery-grid\"><li class=\"blocks-gallery-item\"><figure><img decoding=\"async\" width=\"1024\" height=\"1024\" src=\"https:\/\/1u7l92bgaem.preview.infomaniak.website\/wp-content\/uploads\/2021\/07\/6765_MAKEAWISH_001-1024x1024.jpg\" alt=\"\" data-id=\"6160\" data-full-url=\"https:\/\/1u7l92bgaem.preview.infomaniak.website\/wp-content\/uploads\/2021\/07\/6765_MAKEAWISH_001.jpg\" data-link=\"https:\/\/1u7l92bgaem.preview.infomaniak.website\/6765_makeawish_001\/\" class=\"wp-image-6160\" srcset=\"https:\/\/www.mfta.fr\/wp-content\/uploads\/2021\/07\/6765_MAKEAWISH_001-1024x1024.jpg 1024w, https:\/\/www.mfta.fr\/wp-content\/uploads\/2021\/07\/6765_MAKEAWISH_001-600x600.jpg 600w, https:\/\/www.mfta.fr\/wp-content\/uploads\/2021\/07\/6765_MAKEAWISH_001-300x300.jpg 300w, https:\/\/www.mfta.fr\/wp-content\/uploads\/2021\/07\/6765_MAKEAWISH_001-768x768.jpg 768w, https:\/\/www.mfta.fr\/wp-content\/uploads\/2021\/07\/6765_MAKEAWISH_001-12x12.jpg 12w, https:\/\/www.mfta.fr\/wp-content\/uploads\/2021\/07\/6765_MAKEAWISH_001-800x800.jpg 800w, https:\/\/www.mfta.fr\/wp-content\/uploads\/2021\/07\/6765_MAKEAWISH_001-100x100.jpg 100w, https:\/\/www.mfta.fr\/wp-content\/uploads\/2021\/07\/6765_MAKEAWISH_001-64x64.jpg 64w, https:\/\/www.mfta.fr\/wp-content\/uploads\/2021\/07\/6765_MAKEAWISH_001.jpg 1512w\" sizes=\"(max-width: 1024px) 100vw, 1024px\" \/><figcaption class=\"blocks-gallery-item__caption\">Make a wish<\/figcaption><\/figure><\/li><li class=\"blocks-gallery-item\"><figure><img decoding=\"async\" width=\"1024\" height=\"1024\" src=\"https:\/\/1u7l92bgaem.preview.infomaniak.website\/wp-content\/uploads\/2021\/07\/6779_PACHA_001-1024x1024.jpg\" alt=\"\" data-id=\"6247\" data-full-url=\"https:\/\/1u7l92bgaem.preview.infomaniak.website\/wp-content\/uploads\/2021\/07\/6779_PACHA_001.jpg\" data-link=\"https:\/\/1u7l92bgaem.preview.infomaniak.website\/6779_pacha_001\/\" class=\"wp-image-6247\" srcset=\"https:\/\/www.mfta.fr\/wp-content\/uploads\/2021\/07\/6779_PACHA_001-1024x1024.jpg 1024w, https:\/\/www.mfta.fr\/wp-content\/uploads\/2021\/07\/6779_PACHA_001-600x600.jpg 600w, https:\/\/www.mfta.fr\/wp-content\/uploads\/2021\/07\/6779_PACHA_001-300x300.jpg 300w, https:\/\/www.mfta.fr\/wp-content\/uploads\/2021\/07\/6779_PACHA_001-768x768.jpg 768w, https:\/\/www.mfta.fr\/wp-content\/uploads\/2021\/07\/6779_PACHA_001-12x12.jpg 12w, https:\/\/www.mfta.fr\/wp-content\/uploads\/2021\/07\/6779_PACHA_001-800x800.jpg 800w, https:\/\/www.mfta.fr\/wp-content\/uploads\/2021\/07\/6779_PACHA_001-100x100.jpg 100w, https:\/\/www.mfta.fr\/wp-content\/uploads\/2021\/07\/6779_PACHA_001-64x64.jpg 64w, https:\/\/www.mfta.fr\/wp-content\/uploads\/2021\/07\/6779_PACHA_001.jpg 1512w\" sizes=\"(max-width: 1024px) 100vw, 1024px\" \/><figcaption class=\"blocks-gallery-item__caption\">Pacha<\/figcaption><\/figure><\/li><li class=\"blocks-gallery-item\"><figure><img decoding=\"async\" width=\"800\" height=\"800\" src=\"https:\/\/1u7l92bgaem.preview.infomaniak.website\/wp-content\/uploads\/2021\/07\/4855_DOLCE_VITA_001.jpg\" alt=\"\" data-id=\"6102\" data-full-url=\"https:\/\/1u7l92bgaem.preview.infomaniak.website\/wp-content\/uploads\/2021\/07\/4855_DOLCE_VITA_001.jpg\" data-link=\"https:\/\/1u7l92bgaem.preview.infomaniak.website\/4855_dolce_vita_001\/\" class=\"wp-image-6102\" srcset=\"https:\/\/www.mfta.fr\/wp-content\/uploads\/2021\/07\/4855_DOLCE_VITA_001.jpg 800w, https:\/\/www.mfta.fr\/wp-content\/uploads\/2021\/07\/4855_DOLCE_VITA_001-600x600.jpg 600w, https:\/\/www.mfta.fr\/wp-content\/uploads\/2021\/07\/4855_DOLCE_VITA_001-300x300.jpg 300w, https:\/\/www.mfta.fr\/wp-content\/uploads\/2021\/07\/4855_DOLCE_VITA_001-768x768.jpg 768w, https:\/\/www.mfta.fr\/wp-content\/uploads\/2021\/07\/4855_DOLCE_VITA_001-12x12.jpg 12w, https:\/\/www.mfta.fr\/wp-content\/uploads\/2021\/07\/4855_DOLCE_VITA_001-100x100.jpg 100w, https:\/\/www.mfta.fr\/wp-content\/uploads\/2021\/07\/4855_DOLCE_VITA_001-64x64.jpg 64w\" sizes=\"(max-width: 800px) 100vw, 800px\" \/><figcaption class=\"blocks-gallery-item__caption\">Dolce Vita<\/figcaption><\/figure><\/li><li class=\"blocks-gallery-item\"><figure><img decoding=\"async\" width=\"1024\" height=\"1024\" src=\"https:\/\/1u7l92bgaem.preview.infomaniak.website\/wp-content\/uploads\/2021\/07\/4856_GOLDJUNGLE_001-1024x1024.jpg\" alt=\"\" data-id=\"6112\" data-full-url=\"https:\/\/1u7l92bgaem.preview.infomaniak.website\/wp-content\/uploads\/2021\/07\/4856_GOLDJUNGLE_001.jpg\" data-link=\"https:\/\/1u7l92bgaem.preview.infomaniak.website\/4856_goldjungle_001\/\" class=\"wp-image-6112\" srcset=\"https:\/\/www.mfta.fr\/wp-content\/uploads\/2021\/07\/4856_GOLDJUNGLE_001-1024x1024.jpg 1024w, https:\/\/www.mfta.fr\/wp-content\/uploads\/2021\/07\/4856_GOLDJUNGLE_001-600x600.jpg 600w, https:\/\/www.mfta.fr\/wp-content\/uploads\/2021\/07\/4856_GOLDJUNGLE_001-300x300.jpg 300w, https:\/\/www.mfta.fr\/wp-content\/uploads\/2021\/07\/4856_GOLDJUNGLE_001-768x768.jpg 768w, https:\/\/www.mfta.fr\/wp-content\/uploads\/2021\/07\/4856_GOLDJUNGLE_001-12x12.jpg 12w, https:\/\/www.mfta.fr\/wp-content\/uploads\/2021\/07\/4856_GOLDJUNGLE_001-800x800.jpg 800w, https:\/\/www.mfta.fr\/wp-content\/uploads\/2021\/07\/4856_GOLDJUNGLE_001-100x100.jpg 100w, https:\/\/www.mfta.fr\/wp-content\/uploads\/2021\/07\/4856_GOLDJUNGLE_001-64x64.jpg 64w, https:\/\/www.mfta.fr\/wp-content\/uploads\/2021\/07\/4856_GOLDJUNGLE_001.jpg 1512w\" sizes=\"(max-width: 1024px) 100vw, 1024px\" \/><figcaption class=\"blocks-gallery-item__caption\">Goldjungle<\/figcaption><\/figure><\/li><\/ul><\/figure>\n<\/div>\n\n\n\n<div class=\"wp-block-column is-layout-flow wp-block-column-is-layout-flow\">\n<h2 class=\"wp-block-heading\">Une collection chaleureuse<\/h2>\n\n\n\n<p>D\u00e9couvrez de nouveaux tissus tels que <strong>Make a wish<\/strong>, <strong>Pacha, Dolce Vita et Goldjugnle.<\/strong><br>\u00dcbersicht unserer Stoffe <strong>Com\u00e8te<\/strong>, <strong>Cubex, Saki et \u00c9ventails dor\u00e9s<\/strong> sont disponibles dans de nouveaux coloris.<\/p>\n<\/div>\n<\/div>\n\n\n\n<div class=\"wp-block-group alignfull has-background is-layout-flow wp-block-group-is-layout-flow\" style=\"background-color:#e8e8e8\">\n<h2 class=\"has-text-align-center wp-block-heading\">Zugang zu unserem Katalog<\/h2>\n\n\n\n<p class=\"has-text-align-center pl10 pr10\">M\u00f6chten Sie den Rest dieser Fr\u00fchling-Sommer-Sammlung entdecken? Melden Sie sich jetzt in unserem f\u00fcr Textilfachleute reservierten Bereich an. Wenn Sie noch keinen Zugriff haben, f\u00fcllen Sie unser Formular aus und warten Sie, bis unser Best\u00e4tigungs-E-Mail eingeht. F\u00fcr weitere Informationen z\u00f6gern Sie nicht, uns zu kontaktieren.<\/p>\n\n\n\n<div class=\"wp-block-buttons is-content-justification-center is-layout-flex wp-block-buttons-is-layout-flex\">\n<div class=\"wp-block-button\"><a class=\"wp-block-button__link\">Anmelden<\/a><\/div>\n<\/div>\n\n\n\n<svg xmlns=\"http:\/\/www.w3.org\/2000\/svg\" width=\"110%\" height=\"100%\" viewbox=\"0 0 2019.141 266.179\" style=\"min-width:100%; margin-botton: 5px;\">\n  <path id=\"Trac\u00e9_14\" data-name=\"Trac\u00e9 14\" d=\"M1958.848,2181.821s-134.567-101.034,217.747-52.259,872.729,217.311,1191.51,247.36,228.2-107.131,156.778-107.131-126.4,90.909,0,107.131,427.219-47.9,427.219-47.9\" transform=\"translate(-1933.063 -2115.586)\" fill=\"none\" stroke=\"#707070\" stroke-width=\"1\"><\/path>\n<\/svg>\n<\/div>\n\n\n\n<div class=\"wp-block-columns alignfull no-margin is-layout-flex wp-container-core-columns-is-layout-28f84493 wp-block-columns-is-layout-flex\">\n<div class=\"wp-block-column is-vertically-aligned-center is-layout-flow wp-block-column-is-layout-flow\">\n<div class=\"wp-block-group\"><div class=\"wp-block-group__inner-container is-layout-flow wp-block-group-is-layout-flow\">\n<div class=\"wp-block-group\"><div class=\"wp-block-group__inner-container is-layout-flow wp-block-group-is-layout-flow\">\n<h2 class=\"has-text-align-center wp-block-heading\">Uns Kontaktieren<\/h2>\n\n\n\n<p class=\"has-text-align-center\">Tel : 00 33\/ (0)3 89 35 72 35<br>Fax : 00 33\/ (0)3 89 35 72 00<br>10 rue Gutenberg<br>68800 VIEUX-THANN<br>FRANCE<\/p>\n<\/div><\/div>\n<\/div><\/div>\n\n\n\n<p class=\"has-text-align-center\"><\/p>\n<\/div>\n\n\n\n<div class=\"wp-block-column is-vertically-aligned-center is-layout-flow wp-block-column-is-layout-flow\">\n<div class=\"wp-block-group\"><div class=\"wp-block-group__inner-container is-layout-flow wp-block-group-is-layout-flow\">\n<div class=\"wp-block-group alignfull has-palette-color-1-background-color has-background\"><div class=\"wp-block-group__inner-container is-layout-flow wp-block-group-is-layout-flow\"><p><form id=\"forminator-module-677\" class=\"forminator-custom-form forminator-custom-form-677\" method=\"post\" data-forminator-render=\"0\" data-uid=\"6a05b1e82d8aa\" action=\"\"><div role=\"alert\" aria-live=\"polite\" class=\"forminator-response-message forminator-error\" aria-hidden=\"true\"><\/div><input type=\"hidden\" name=\"trp-form-language\" value=\"de\"\/><\/form><\/p>\n<\/div><\/div>\n<\/div><\/div>\n<\/div>\n<\/div>","protected":false},"excerpt":{"rendered":"<p>Une collection chaleureuse D\u00e9couvrez de nouveaux tissus tels que Make a wish, Pacha, Dolce Vita et Goldjugnle.Nos tissus Com\u00e8te, Cubex, Saki et \u00c9ventails dor\u00e9s sont disponibles dans de nouveaux coloris. Acc\u00e9dez \u00e0 notre catalogue Vous \u00eates int\u00e9ress\u00e9s \u00e0 d\u00e9couvrir le reste de cette collection printemps-\u00e9t\u00e9 ? Connectez-vous \u00e0 notre espace r\u00e9serv\u00e9 aux professionnels du textile [&hellip;]<\/p>\n","protected":false},"author":1,"featured_media":0,"parent":0,"menu_order":0,"comment_status":"closed","ping_status":"closed","template":"","meta":{"_acf_changed":false,"footnotes":""},"class_list":["post-793","page","type-page","status-publish","hentry"],"blocksy_meta":{"styles_descriptor":{"styles":{"desktop":"","tablet":"","mobile":""},"google_fonts":[],"version":6}},"acf":[],"_links":{"self":[{"href":"https:\/\/www.mfta.fr\/de\/wp-json\/wp\/v2\/pages\/793","targetHints":{"allow":["GET"]}}],"collection":[{"href":"https:\/\/www.mfta.fr\/de\/wp-json\/wp\/v2\/pages"}],"about":[{"href":"https:\/\/www.mfta.fr\/de\/wp-json\/wp\/v2\/types\/page"}],"author":[{"embeddable":true,"href":"https:\/\/www.mfta.fr\/de\/wp-json\/wp\/v2\/users\/1"}],"replies":[{"embeddable":true,"href":"https:\/\/www.mfta.fr\/de\/wp-json\/wp\/v2\/comments?post=793"}],"version-history":[{"count":2,"href":"https:\/\/www.mfta.fr\/de\/wp-json\/wp\/v2\/pages\/793\/revisions"}],"predecessor-version":[{"id":6780,"href":"https:\/\/www.mfta.fr\/de\/wp-json\/wp\/v2\/pages\/793\/revisions\/6780"}],"wp:attachment":[{"href":"https:\/\/www.mfta.fr\/de\/wp-json\/wp\/v2\/media?parent=793"}],"curies":[{"name":"wp","href":"https:\/\/api.w.org\/{rel}","templated":true}]}}