{"id":157,"date":"2020-12-08T12:05:05","date_gmt":"2020-12-08T11:05:05","guid":{"rendered":"https:\/\/1u7l92bgaem.preview.infomaniak.website\/?page_id=157"},"modified":"2026-02-17T10:59:26","modified_gmt":"2026-02-17T09:59:26","slug":"notre-entreprise","status":"publish","type":"page","link":"https:\/\/www.mfta.fr\/en\/notre-entreprise\/","title":{"rendered":"Our company"},"content":{"rendered":"<div class=\"wp-block-group is-layout-flow wp-block-group-is-layout-flow\">\n<div class=\"wp-block-columns is-layout-flex wp-container-core-columns-is-layout-28f84493 wp-block-columns-is-layout-flex\">\n<div class=\"wp-block-column is-layout-flow wp-block-column-is-layout-flow\" style=\"flex-basis:100%\">\n<div class=\"wp-block-group is-layout-flow wp-block-group-is-layout-flow\">\n<div class=\"wp-block-group is-layout-flow wp-block-group-is-layout-flow\">\n<div class=\"wp-block-columns alignfull is-layout-flex wp-container-core-columns-is-layout-28f84493 wp-block-columns-is-layout-flex\">\n<div class=\"wp-block-column is-vertically-aligned-top ent-img1 is-layout-flow wp-block-column-is-layout-flow\" style=\"flex-basis:45%\">\n<figure class=\"wp-block-image size-large\"><img decoding=\"async\" width=\"1024\" height=\"683\" src=\"https:\/\/www.mfta.fr\/wp-content\/uploads\/2025\/12\/7251_AMAZONIA_001_MAPPING-1-1024x683.jpg\" alt=\"\" class=\"wp-image-12221\" srcset=\"https:\/\/www.mfta.fr\/wp-content\/uploads\/2025\/12\/7251_AMAZONIA_001_MAPPING-1-1024x683.jpg 1024w, https:\/\/www.mfta.fr\/wp-content\/uploads\/2025\/12\/7251_AMAZONIA_001_MAPPING-1-600x400.jpg 600w, https:\/\/www.mfta.fr\/wp-content\/uploads\/2025\/12\/7251_AMAZONIA_001_MAPPING-1-768x512.jpg 768w, https:\/\/www.mfta.fr\/wp-content\/uploads\/2025\/12\/7251_AMAZONIA_001_MAPPING-1-1536x1024.jpg 1536w, https:\/\/www.mfta.fr\/wp-content\/uploads\/2025\/12\/7251_AMAZONIA_001_MAPPING-1-2048x1365.jpg 2048w, https:\/\/www.mfta.fr\/wp-content\/uploads\/2025\/12\/7251_AMAZONIA_001_MAPPING-1-18x12.jpg 18w, https:\/\/www.mfta.fr\/wp-content\/uploads\/2025\/12\/7251_AMAZONIA_001_MAPPING-1-800x533.jpg 800w, https:\/\/www.mfta.fr\/wp-content\/uploads\/2025\/12\/7251_AMAZONIA_001_MAPPING-1-64x43.jpg 64w\" sizes=\"(max-width: 1024px) 100vw, 1024px\" \/><\/figure>\n\n\n\n<p><\/p>\n<\/div>\n\n\n\n<div class=\"wp-block-column is-vertically-aligned-bottom ent-img2 is-layout-flow wp-block-column-is-layout-flow\" style=\"flex-basis:30%\">\n<h2 class=\"wp-block-heading has-text-align-right p-20 title-ent has-palette-color-3-color has-text-color\">The history of our <br>French factory<\/h2>\n\n\n\n<figure class=\"wp-block-image alignright size-full\"><img decoding=\"async\" width=\"1181\" height=\"1083\" src=\"https:\/\/www.mfta.fr\/wp-content\/uploads\/2025\/12\/7237_MINI-MAHARANI_001_002_003_004_005_MAPPING-1.jpg\" alt=\"\" class=\"wp-image-12214\" srcset=\"https:\/\/www.mfta.fr\/wp-content\/uploads\/2025\/12\/7237_MINI-MAHARANI_001_002_003_004_005_MAPPING-1.jpg 1181w, https:\/\/www.mfta.fr\/wp-content\/uploads\/2025\/12\/7237_MINI-MAHARANI_001_002_003_004_005_MAPPING-1-600x550.jpg 600w, https:\/\/www.mfta.fr\/wp-content\/uploads\/2025\/12\/7237_MINI-MAHARANI_001_002_003_004_005_MAPPING-1-1024x939.jpg 1024w, https:\/\/www.mfta.fr\/wp-content\/uploads\/2025\/12\/7237_MINI-MAHARANI_001_002_003_004_005_MAPPING-1-768x704.jpg 768w, https:\/\/www.mfta.fr\/wp-content\/uploads\/2025\/12\/7237_MINI-MAHARANI_001_002_003_004_005_MAPPING-1-13x12.jpg 13w, https:\/\/www.mfta.fr\/wp-content\/uploads\/2025\/12\/7237_MINI-MAHARANI_001_002_003_004_005_MAPPING-1-800x734.jpg 800w, https:\/\/www.mfta.fr\/wp-content\/uploads\/2025\/12\/7237_MINI-MAHARANI_001_002_003_004_005_MAPPING-1-64x59.jpg 64w\" sizes=\"(max-width: 1181px) 100vw, 1181px\" \/><\/figure>\n<\/div>\n\n\n\n<div class=\"wp-block-column is-vertically-aligned-bottom ent-texte is-layout-flow wp-block-column-is-layout-flow\" style=\"flex-basis:25%\">\n<p class=\"txt-justify\">Since 1987 we have been creators and manufacturers of <strong>French<\/strong> de <strong>furnishing textiles in BtoB.<\/strong> We established ourselves in Alsace, a region where textile has learned to take a big place in people\u2019s hearts.<\/p>\n\n\n\n<p class=\"txt-justify\">From the beginning, we developed and sold our first furnishing fabrics collection to interior design professionals. And thanks to our offer we rapidly earned our place in the French market.<\/p>\n<\/div>\n<\/div>\n\n\n\n<h2 class=\"wp-block-heading has-text-align-center has-palette-color-1-color has-text-color\">The know-how of a united team<\/h2>\n\n\n\n<div class=\"wp-block-columns alignfull is-layout-flex wp-container-core-columns-is-layout-28f84493 wp-block-columns-is-layout-flex\">\n<div class=\"wp-block-column is-layout-flow wp-block-column-is-layout-flow\">\n<figure class=\"wp-block-image size-large\"><img decoding=\"async\" src=\"https:\/\/1u7l92bgaem.preview.infomaniak.website\/wp-content\/uploads\/2021\/06\/JODEE-reportage-17-1.jpg\" alt=\"\" class=\"wp-image-5961\"\/><\/figure>\n\n\n\n<figure class=\"wp-block-image size-large\"><img decoding=\"async\" src=\"https:\/\/1u7l92bgaem.preview.infomaniak.website\/wp-content\/uploads\/2021\/06\/JODEE-reportage-16-1.jpg\" alt=\"\" class=\"wp-image-5962\"\/><\/figure>\n<\/div>\n\n\n\n<div class=\"wp-block-column is-layout-flow wp-block-column-is-layout-flow\">\n<p class=\"txt-justify\">Our company has acquired a true French know-how. As suppliers of furnishing fabrics we have learned to develop collections which coherently market current trends. That is how we manage to offer numerous printed fabrics, plain fabrics, jacquards and yarn-dyed, evermore inspired and inspiring. Whether you are a specialized big surface, small creator or retailer, we will always find a solution that will suit your needs and responds to your demands.<\/p>\n\n\n\n<p class=\"txt-justify\">Over the years we have not ceased to evolve, all the while we have kept our customers trust. Today, we continue the pursuit of innovating technical solutions and their implementation to satisfy our customers.<br>In 2016 we launched our own brand of ready-made articles, La Manufacture Fran\u00e7aise. This brand offers tablecloths, napkins, kitchen towels, runners and other customized products with our own designs and patterns.<\/p>\n<\/div>\n\n\n\n<div class=\"wp-block-column is-layout-flow wp-block-column-is-layout-flow\">\n<figure class=\"wp-block-image size-large\"><img decoding=\"async\" src=\"https:\/\/1u7l92bgaem.preview.infomaniak.website\/wp-content\/uploads\/2021\/06\/JODEE-reportage-18-2.jpg\" alt=\"\" class=\"wp-image-5963\"\/><\/figure>\n\n\n\n<figure class=\"wp-block-image size-large\"><img decoding=\"async\" src=\"https:\/\/1u7l92bgaem.preview.infomaniak.website\/wp-content\/uploads\/2021\/06\/JODEE-reportage-19-1.jpg\" alt=\"\" class=\"wp-image-5964\"\/><\/figure>\n<\/div>\n<\/div>\n\n\n\n<div class=\"wp-block-group alignfull is-layout-flow wp-block-group-is-layout-flow\">\n<div class=\"wp-block-columns alignfull is-layout-flex wp-container-core-columns-is-layout-28f84493 wp-block-columns-is-layout-flex\">\n<div class=\"wp-block-column is-layout-flow wp-block-column-is-layout-flow\">\n<h2 class=\"wp-block-heading has-text-align-center has-palette-color-4-color has-text-color\">Beyond French borders<\/h2>\n\n\n\n<figure class=\"wp-block-image size-large\"><img decoding=\"async\" src=\"https:\/\/1u7l92bgaem.preview.infomaniak.website\/wp-content\/uploads\/2021\/06\/JODEE-reportage-13-1.jpg\" alt=\"\" class=\"wp-image-5967\"\/><\/figure>\n\n\n\n<p class=\"p3em txt-justify has-palette-color-5-color has-palette-color-1-background-color has-text-color has-background\">Our goals do not limit to France ! Our rigor and knowledge of international markets have allowed us to propose and show our furnishing textiles collections abroad : throughout Europe and the rest of the world. We especially thank our international agents who are an invaluable asset.<\/p>\n<\/div>\n\n\n\n<div class=\"wp-block-column is-layout-flow wp-block-column-is-layout-flow\">\n<h2 class=\"wp-block-heading has-text-align-center title-under-jaune has-palette-color-3-color has-text-color\">We connect around the world<\/h2>\n\n\n\n<p class=\"p3em txt-justify has-palette-color-8-color has-palette-color-1-background-color has-text-color has-background\">MFTA\u2019s force : our team. Always ready to listen to our customers\u2019 needs. Working together we manage to offer the right product, at the right lead-time and adapted delivery conditions. Concerned with providing full customer satisfaction, our team works to ensure offering the best furnishing textiles collection together with a quality service.<\/p>\n\n\n\n<figure class=\"wp-block-image size-large\"><img decoding=\"async\" src=\"https:\/\/1u7l92bgaem.preview.infomaniak.website\/wp-content\/uploads\/2021\/06\/JODEE-reportage-14-1.jpg\" alt=\"\" class=\"wp-image-5968\"\/><\/figure>\n<\/div>\n<\/div>\n<\/div>\n<\/div>\n<\/div>\n<\/div>\n<\/div>\n<\/div>\n\n\n\n<div class=\"wp-block-columns alignwide are-vertically-aligned-center is-layout-flex wp-container-core-columns-is-layout-28f84493 wp-block-columns-is-layout-flex\">\n<div class=\"wp-block-column is-vertically-aligned-center is-layout-flow wp-block-column-is-layout-flow\">\n<div class=\"wp-block-columns is-layout-flex wp-container-core-columns-is-layout-28f84493 wp-block-columns-is-layout-flex\">\n<div class=\"wp-block-column is-layout-flow wp-block-column-is-layout-flow\" style=\"flex-basis:66.66%\">\n<p class=\"has-text-align-center\"><strong>Our textiles travel the world<\/strong> thanks to our international agents.<br>Our commercial assistants <strong>will gladly assist you in English, Spanish, German and Italian<\/strong>.<br><em>24 people at your service in Europe and Asia.<\/em><\/p>\n<\/div>\n\n\n\n<div class=\"wp-block-column is-layout-flow wp-block-column-is-layout-flow\" style=\"flex-basis:33.33%\">\n<div class=\"wp-block-buttons is-layout-flex wp-block-buttons-is-layout-flex\">\n<div class=\"wp-block-button\"><a class=\"wp-block-button__link has-palette-color-3-color has-palette-color-2-background-color has-text-color has-background wp-element-button\" href=\"https:\/\/1u7l92bgaem.preview.infomaniak.website\/contact\/\" target=\"_blank\" rel=\"noreferrer noopener\">Contact our agents<\/a><\/div>\n<\/div>\n<\/div>\n<\/div>\n<\/div>\n<\/div>\n\n\n\n<p class=\"has-text-align-center\"><\/p>\n\n\n\n<h2 class=\"wp-block-heading has-palette-color-4-color has-text-color\">Our plus<\/h2>\n\n\n\n<div class=\"wp-block-columns is-layout-flex wp-container-core-columns-is-layout-28f84493 wp-block-columns-is-layout-flex\">\n<div class=\"wp-block-column is-vertically-aligned-center is-layout-flow wp-block-column-is-layout-flow\">\n<p class=\"txt-justify\">We are a human-scale company and extremely attached to our Alsace region. We wish to showcase our people\u2019s talents. That is why we have always partnered with ISTA (Institut Sup\u00e9rieur du Textile d\u2019Alsace). A school which educates tomorrow\u2019s textile industry actors.<\/p>\n\n\n\n<p>We also have a historical, long-term partnership with the Mus\u00e9e de l\u2019Impression sur Etoffes in Mulhouse. This museum is known as the biggest center for textile images in the world. Its collection carries numerous textiles manufacturers and talented creators. Its historical designs have inspired us and continue their input in our creations.<\/p>\n<\/div>\n\n\n\n<div class=\"wp-block-column is-layout-flow wp-block-column-is-layout-flow\">\n<figure class=\"wp-block-image size-large\"><img decoding=\"async\" src=\"https:\/\/1u7l92bgaem.preview.infomaniak.website\/wp-content\/uploads\/2021\/06\/JODEE-reportage-12-2.jpg\" alt=\"\" class=\"wp-image-5969\"\/><\/figure>\n<\/div>\n<\/div>\n\n\n\n<div class=\"wp-block-columns is-layout-flex wp-container-core-columns-is-layout-28f84493 wp-block-columns-is-layout-flex\">\n<div class=\"wp-block-column is-vertically-aligned-center is-layout-flow wp-block-column-is-layout-flow\" style=\"flex-basis:30%\">\n<figure class=\"wp-block-image aligncenter size-large\"><img decoding=\"async\" src=\"https:\/\/1u7l92bgaem.preview.infomaniak.website\/wp-content\/uploads\/2021\/06\/JODEE-reportage-1-1.jpg\" alt=\"\" class=\"wp-image-5970\"\/><\/figure>\n<\/div>\n\n\n\n<div class=\"wp-block-column is-layout-flow wp-block-column-is-layout-flow\">\n<h2 class=\"wp-block-heading has-text-align-center title-under-jaune has-palette-color-3-color has-text-color\">Any other information?<\/h2>\n\n\n\n<p class=\"txt-justify\">Depending on the item, technical constraint, quantity, quality and price level sought by our customers, we manufacture in the most suitable factories.<br>Our large selection of plain fabrics, jacquards, yarn-dyed or printed are ideal for the conception of pillows, tablecloths, curtains, furniture coating, seats, deckchairs, etc\u2026in order to help you decorate interiors and outdoors.<\/p>\n\n\n\n<div class=\"wp-block-buttons is-layout-flex wp-block-buttons-is-layout-flex\">\n<div class=\"wp-block-button\"><a class=\"wp-block-button__link has-palette-color-3-color has-palette-color-2-background-color has-text-color has-background wp-element-button\" href=\"https:\/\/1u7l92bgaem.preview.infomaniak.website\/collections\">Our collection<\/a><\/div>\n<\/div>\n<\/div>\n<\/div>\n\n\n\n<div style=\"height:63px\" aria-hidden=\"true\" class=\"wp-block-spacer\"><\/div>\n\n\n\n<h2 class=\"wp-block-heading\">Each person in our team is important<\/h2>\n\n\n\n<figure class=\"wp-block-gallery has-nested-images columns-default is-cropped wp-block-gallery-1 is-layout-flex wp-block-gallery-is-layout-flex\">\n<figure class=\"wp-block-image size-large\"><img decoding=\"async\" width=\"500\" height=\"750\" data-id=\"5978\" src=\"https:\/\/www.mfta.fr\/wp-content\/uploads\/2021\/06\/\u00a9JODEE-reportage-10-1.jpg\" alt=\"\" class=\"wp-image-5978\" srcset=\"https:\/\/www.mfta.fr\/wp-content\/uploads\/2021\/06\/\u00a9JODEE-reportage-10-1.jpg 500w, https:\/\/www.mfta.fr\/wp-content\/uploads\/2021\/06\/\u00a9JODEE-reportage-10-1-400x600.jpg 400w, https:\/\/www.mfta.fr\/wp-content\/uploads\/2021\/06\/\u00a9JODEE-reportage-10-1-8x12.jpg 8w, https:\/\/www.mfta.fr\/wp-content\/uploads\/2021\/06\/\u00a9JODEE-reportage-10-1-64x96.jpg 64w\" sizes=\"(max-width: 500px) 100vw, 500px\" \/><\/figure>\n\n\n\n<figure class=\"wp-block-image size-large\"><img decoding=\"async\" width=\"500\" height=\"750\" data-id=\"5973\" src=\"https:\/\/www.mfta.fr\/wp-content\/uploads\/2021\/06\/\u00a9JODEE-reportage-4-1.jpg\" alt=\"\" class=\"wp-image-5973\" srcset=\"https:\/\/www.mfta.fr\/wp-content\/uploads\/2021\/06\/\u00a9JODEE-reportage-4-1.jpg 500w, https:\/\/www.mfta.fr\/wp-content\/uploads\/2021\/06\/\u00a9JODEE-reportage-4-1-64x96.jpg 64w, https:\/\/www.mfta.fr\/wp-content\/uploads\/2021\/06\/\u00a9JODEE-reportage-4-1-400x600.jpg 400w, https:\/\/www.mfta.fr\/wp-content\/uploads\/2021\/06\/\u00a9JODEE-reportage-4-1-8x12.jpg 8w\" sizes=\"(max-width: 500px) 100vw, 500px\" \/><\/figure>\n\n\n\n<figure class=\"wp-block-image size-large\"><img decoding=\"async\" width=\"500\" height=\"750\" data-id=\"5972\" src=\"https:\/\/www.mfta.fr\/wp-content\/uploads\/2021\/06\/\u00a9JODEE-reportage-3-1.jpg\" alt=\"\" class=\"wp-image-5972\" srcset=\"https:\/\/www.mfta.fr\/wp-content\/uploads\/2021\/06\/\u00a9JODEE-reportage-3-1.jpg 500w, https:\/\/www.mfta.fr\/wp-content\/uploads\/2021\/06\/\u00a9JODEE-reportage-3-1-64x96.jpg 64w, https:\/\/www.mfta.fr\/wp-content\/uploads\/2021\/06\/\u00a9JODEE-reportage-3-1-400x600.jpg 400w, https:\/\/www.mfta.fr\/wp-content\/uploads\/2021\/06\/\u00a9JODEE-reportage-3-1-8x12.jpg 8w\" sizes=\"(max-width: 500px) 100vw, 500px\" \/><\/figure>\n\n\n\n<figure class=\"wp-block-image size-large\"><img decoding=\"async\" width=\"750\" height=\"500\" data-id=\"5974\" src=\"https:\/\/www.mfta.fr\/wp-content\/uploads\/2021\/06\/\u00a9JODEE-reportage-5-1.jpg\" alt=\"\" class=\"wp-image-5974\" srcset=\"https:\/\/www.mfta.fr\/wp-content\/uploads\/2021\/06\/\u00a9JODEE-reportage-5-1.jpg 750w, https:\/\/www.mfta.fr\/wp-content\/uploads\/2021\/06\/\u00a9JODEE-reportage-5-1-64x43.jpg 64w, https:\/\/www.mfta.fr\/wp-content\/uploads\/2021\/06\/\u00a9JODEE-reportage-5-1-600x400.jpg 600w, https:\/\/www.mfta.fr\/wp-content\/uploads\/2021\/06\/\u00a9JODEE-reportage-5-1-16x12.jpg 16w\" sizes=\"(max-width: 750px) 100vw, 750px\" \/><\/figure>\n\n\n\n<figure class=\"wp-block-image size-large\"><img decoding=\"async\" width=\"750\" height=\"500\" data-id=\"5983\" src=\"https:\/\/www.mfta.fr\/wp-content\/uploads\/2021\/06\/\u00a9JODEE-reportage-15-1.jpg\" alt=\"\" class=\"wp-image-5983\" srcset=\"https:\/\/www.mfta.fr\/wp-content\/uploads\/2021\/06\/\u00a9JODEE-reportage-15-1.jpg 750w, https:\/\/www.mfta.fr\/wp-content\/uploads\/2021\/06\/\u00a9JODEE-reportage-15-1-64x43.jpg 64w, https:\/\/www.mfta.fr\/wp-content\/uploads\/2021\/06\/\u00a9JODEE-reportage-15-1-600x400.jpg 600w, https:\/\/www.mfta.fr\/wp-content\/uploads\/2021\/06\/\u00a9JODEE-reportage-15-1-16x12.jpg 16w\" sizes=\"(max-width: 750px) 100vw, 750px\" \/><\/figure>\n\n\n\n<figure class=\"wp-block-image size-large\"><img decoding=\"async\" width=\"750\" height=\"500\" data-id=\"5971\" src=\"https:\/\/www.mfta.fr\/wp-content\/uploads\/2021\/06\/\u00a9JODEE-reportage-2-1.jpg\" alt=\"\" class=\"wp-image-5971\" srcset=\"https:\/\/www.mfta.fr\/wp-content\/uploads\/2021\/06\/\u00a9JODEE-reportage-2-1.jpg 750w, https:\/\/www.mfta.fr\/wp-content\/uploads\/2021\/06\/\u00a9JODEE-reportage-2-1-64x43.jpg 64w, https:\/\/www.mfta.fr\/wp-content\/uploads\/2021\/06\/\u00a9JODEE-reportage-2-1-600x400.jpg 600w, https:\/\/www.mfta.fr\/wp-content\/uploads\/2021\/06\/\u00a9JODEE-reportage-2-1-16x12.jpg 16w\" sizes=\"(max-width: 750px) 100vw, 750px\" \/><\/figure>\n\n\n\n<figure class=\"wp-block-image size-large\"><img decoding=\"async\" width=\"750\" height=\"500\" data-id=\"5975\" src=\"https:\/\/www.mfta.fr\/wp-content\/uploads\/2021\/06\/\u00a9JODEE-reportage-6-1.jpg\" alt=\"\" class=\"wp-image-5975\" srcset=\"https:\/\/www.mfta.fr\/wp-content\/uploads\/2021\/06\/\u00a9JODEE-reportage-6-1.jpg 750w, https:\/\/www.mfta.fr\/wp-content\/uploads\/2021\/06\/\u00a9JODEE-reportage-6-1-64x43.jpg 64w, https:\/\/www.mfta.fr\/wp-content\/uploads\/2021\/06\/\u00a9JODEE-reportage-6-1-600x400.jpg 600w, https:\/\/www.mfta.fr\/wp-content\/uploads\/2021\/06\/\u00a9JODEE-reportage-6-1-16x12.jpg 16w\" sizes=\"(max-width: 750px) 100vw, 750px\" \/><\/figure>\n\n\n\n<figure class=\"wp-block-image size-large\"><img decoding=\"async\" width=\"750\" height=\"500\" data-id=\"5976\" src=\"https:\/\/www.mfta.fr\/wp-content\/uploads\/2021\/06\/\u00a9JODEE-reportage-7-1.jpg\" alt=\"\" class=\"wp-image-5976\" srcset=\"https:\/\/www.mfta.fr\/wp-content\/uploads\/2021\/06\/\u00a9JODEE-reportage-7-1.jpg 750w, https:\/\/www.mfta.fr\/wp-content\/uploads\/2021\/06\/\u00a9JODEE-reportage-7-1-64x43.jpg 64w, https:\/\/www.mfta.fr\/wp-content\/uploads\/2021\/06\/\u00a9JODEE-reportage-7-1-600x400.jpg 600w, https:\/\/www.mfta.fr\/wp-content\/uploads\/2021\/06\/\u00a9JODEE-reportage-7-1-16x12.jpg 16w\" sizes=\"(max-width: 750px) 100vw, 750px\" \/><\/figure>\n<\/figure>\n\n\n\n<div style=\"height:100px\" aria-hidden=\"true\" class=\"wp-block-spacer\"><\/div>","protected":false},"excerpt":{"rendered":"<p>L&#8217;histoire de notre manufacture fran\u00e7aise Depuis 1987 nous sommes cr\u00e9ateurs et fabricants fran\u00e7ais de tissus d\u2019ameublement en BtoB. Nous nous installons en Alsace, r\u00e9gion o\u00f9 le textile a toujours su prendre une grande place dans le c\u0153ur des habitants. D\u00e8s sa cr\u00e9ation, nous avons d\u00e9velopp\u00e9 et vendu notre premi\u00e8re collection de tissus d\u2019ameublement aupr\u00e8s des [&hellip;]<\/p>\n","protected":false},"author":1,"featured_media":0,"parent":0,"menu_order":0,"comment_status":"closed","ping_status":"closed","template":"","meta":{"_acf_changed":false,"footnotes":""},"class_list":["post-157","page","type-page","status-publish","hentry"],"blocksy_meta":{"styles_descriptor":{"styles":{"desktop":"","tablet":"","mobile":""},"google_fonts":[],"version":6}},"acf":[],"_links":{"self":[{"href":"https:\/\/www.mfta.fr\/en\/wp-json\/wp\/v2\/pages\/157","targetHints":{"allow":["GET"]}}],"collection":[{"href":"https:\/\/www.mfta.fr\/en\/wp-json\/wp\/v2\/pages"}],"about":[{"href":"https:\/\/www.mfta.fr\/en\/wp-json\/wp\/v2\/types\/page"}],"author":[{"embeddable":true,"href":"https:\/\/www.mfta.fr\/en\/wp-json\/wp\/v2\/users\/1"}],"replies":[{"embeddable":true,"href":"https:\/\/www.mfta.fr\/en\/wp-json\/wp\/v2\/comments?post=157"}],"version-history":[{"count":4,"href":"https:\/\/www.mfta.fr\/en\/wp-json\/wp\/v2\/pages\/157\/revisions"}],"predecessor-version":[{"id":12448,"href":"https:\/\/www.mfta.fr\/en\/wp-json\/wp\/v2\/pages\/157\/revisions\/12448"}],"wp:attachment":[{"href":"https:\/\/www.mfta.fr\/en\/wp-json\/wp\/v2\/media?parent=157"}],"curies":[{"name":"wp","href":"https:\/\/api.w.org\/{rel}","templated":true}]}}