{"id":12258,"date":"2025-12-19T09:30:25","date_gmt":"2025-12-19T08:30:25","guid":{"rendered":"https:\/\/www.mfta.fr\/?post_type=product&#038;p=12258"},"modified":"2026-03-30T13:30:29","modified_gmt":"2026-03-30T11:30:29","slug":"matelasse-santal-suzy","status":"publish","type":"product","link":"https:\/\/www.mfta.fr\/en\/product\/matelasse-santal-suzy\/","title":{"rendered":"Matelass\u00e9 Santal &#8211; Suzy"},"content":{"rendered":"","protected":false},"excerpt":{"rendered":"<p>R\u00e9f\u00e9rence : 6222<br \/>\nSubstrate<br \/>\nComposition : 100% cotton<\/p>\n<p>Finition: Matelass\u00e9<\/p>\n<p>Laize : 147 cm<\/p>","protected":false},"featured_media":12269,"template":"","meta":{"_acf_changed":false},"product_brand":[],"product_cat":[2114,75,2196],"product_tag":[2207],"class_list":{"0":"post-12258","1":"product","2":"type-product","3":"status-publish","4":"has-post-thumbnail","6":"product_cat-collection-printemps-ete-2026","7":"product_cat-cretonnes","8":"product_cat-matelasse-cretonne","9":"product_tag-matelasse","10":"pa_composition-100-coton","11":"pa_finition-matelasse","12":"pa_laize-147-cm","13":"pa_support-cretonne","15":"first","16":"instock","17":"shipping-taxable","18":"product-type-variable"},"acf":[],"_links":{"self":[{"href":"https:\/\/www.mfta.fr\/en\/wp-json\/wp\/v2\/product\/12258","targetHints":{"allow":["GET"]}}],"collection":[{"href":"https:\/\/www.mfta.fr\/en\/wp-json\/wp\/v2\/product"}],"about":[{"href":"https:\/\/www.mfta.fr\/en\/wp-json\/wp\/v2\/types\/product"}],"wp:featuredmedia":[{"embeddable":true,"href":"https:\/\/www.mfta.fr\/en\/wp-json\/wp\/v2\/media\/12269"}],"wp:attachment":[{"href":"https:\/\/www.mfta.fr\/en\/wp-json\/wp\/v2\/media?parent=12258"}],"wp:term":[{"taxonomy":"product_brand","embeddable":true,"href":"https:\/\/www.mfta.fr\/en\/wp-json\/wp\/v2\/product_brand?post=12258"},{"taxonomy":"product_cat","embeddable":true,"href":"https:\/\/www.mfta.fr\/en\/wp-json\/wp\/v2\/product_cat?post=12258"},{"taxonomy":"product_tag","embeddable":true,"href":"https:\/\/www.mfta.fr\/en\/wp-json\/wp\/v2\/product_tag?post=12258"}],"curies":[{"name":"wp","href":"https:\/\/api.w.org\/{rel}","templated":true}]}}