{"id":157,"date":"2020-12-08T12:05:05","date_gmt":"2020-12-08T11:05:05","guid":{"rendered":"https:\/\/1u7l92bgaem.preview.infomaniak.website\/?page_id=157"},"modified":"2026-02-17T10:59:26","modified_gmt":"2026-02-17T09:59:26","slug":"notre-entreprise","status":"publish","type":"page","link":"https:\/\/www.mfta.fr\/es\/notre-entreprise\/","title":{"rendered":"Nuestra empresa"},"content":{"rendered":"<div class=\"wp-block-group is-layout-flow wp-block-group-is-layout-flow\">\n<div class=\"wp-block-columns is-layout-flex wp-container-core-columns-is-layout-28f84493 wp-block-columns-is-layout-flex\">\n<div class=\"wp-block-column is-layout-flow wp-block-column-is-layout-flow\" style=\"flex-basis:100%\">\n<div class=\"wp-block-group is-layout-flow wp-block-group-is-layout-flow\">\n<div class=\"wp-block-group is-layout-flow wp-block-group-is-layout-flow\">\n<div class=\"wp-block-columns alignfull is-layout-flex wp-container-core-columns-is-layout-28f84493 wp-block-columns-is-layout-flex\">\n<div class=\"wp-block-column is-vertically-aligned-top ent-img1 is-layout-flow wp-block-column-is-layout-flow\" style=\"flex-basis:45%\">\n<figure class=\"wp-block-image size-large\"><img decoding=\"async\" width=\"1024\" height=\"683\" src=\"https:\/\/www.mfta.fr\/wp-content\/uploads\/2025\/12\/7251_AMAZONIA_001_MAPPING-1-1024x683.jpg\" alt=\"\" class=\"wp-image-12221\" srcset=\"https:\/\/www.mfta.fr\/wp-content\/uploads\/2025\/12\/7251_AMAZONIA_001_MAPPING-1-1024x683.jpg 1024w, https:\/\/www.mfta.fr\/wp-content\/uploads\/2025\/12\/7251_AMAZONIA_001_MAPPING-1-600x400.jpg 600w, https:\/\/www.mfta.fr\/wp-content\/uploads\/2025\/12\/7251_AMAZONIA_001_MAPPING-1-768x512.jpg 768w, https:\/\/www.mfta.fr\/wp-content\/uploads\/2025\/12\/7251_AMAZONIA_001_MAPPING-1-1536x1024.jpg 1536w, https:\/\/www.mfta.fr\/wp-content\/uploads\/2025\/12\/7251_AMAZONIA_001_MAPPING-1-2048x1365.jpg 2048w, https:\/\/www.mfta.fr\/wp-content\/uploads\/2025\/12\/7251_AMAZONIA_001_MAPPING-1-18x12.jpg 18w, https:\/\/www.mfta.fr\/wp-content\/uploads\/2025\/12\/7251_AMAZONIA_001_MAPPING-1-800x533.jpg 800w, https:\/\/www.mfta.fr\/wp-content\/uploads\/2025\/12\/7251_AMAZONIA_001_MAPPING-1-64x43.jpg 64w\" sizes=\"(max-width: 1024px) 100vw, 1024px\" \/><\/figure>\n\n\n\n<p><\/p>\n<\/div>\n\n\n\n<div class=\"wp-block-column is-vertically-aligned-bottom ent-img2 is-layout-flow wp-block-column-is-layout-flow\" style=\"flex-basis:30%\">\n<h2 class=\"wp-block-heading has-text-align-right p-20 title-ent has-palette-color-3-color has-text-color\">La historia de nuestra <br>fabricaci\u00f3n francesa<\/h2>\n\n\n\n<figure class=\"wp-block-image alignright size-full\"><img decoding=\"async\" width=\"1181\" height=\"1083\" src=\"https:\/\/www.mfta.fr\/wp-content\/uploads\/2025\/12\/7237_MINI-MAHARANI_001_002_003_004_005_MAPPING-1.jpg\" alt=\"\" class=\"wp-image-12214\" srcset=\"https:\/\/www.mfta.fr\/wp-content\/uploads\/2025\/12\/7237_MINI-MAHARANI_001_002_003_004_005_MAPPING-1.jpg 1181w, https:\/\/www.mfta.fr\/wp-content\/uploads\/2025\/12\/7237_MINI-MAHARANI_001_002_003_004_005_MAPPING-1-600x550.jpg 600w, https:\/\/www.mfta.fr\/wp-content\/uploads\/2025\/12\/7237_MINI-MAHARANI_001_002_003_004_005_MAPPING-1-1024x939.jpg 1024w, https:\/\/www.mfta.fr\/wp-content\/uploads\/2025\/12\/7237_MINI-MAHARANI_001_002_003_004_005_MAPPING-1-768x704.jpg 768w, https:\/\/www.mfta.fr\/wp-content\/uploads\/2025\/12\/7237_MINI-MAHARANI_001_002_003_004_005_MAPPING-1-13x12.jpg 13w, https:\/\/www.mfta.fr\/wp-content\/uploads\/2025\/12\/7237_MINI-MAHARANI_001_002_003_004_005_MAPPING-1-800x734.jpg 800w, https:\/\/www.mfta.fr\/wp-content\/uploads\/2025\/12\/7237_MINI-MAHARANI_001_002_003_004_005_MAPPING-1-64x59.jpg 64w\" sizes=\"(max-width: 1181px) 100vw, 1181px\" \/><\/figure>\n<\/div>\n\n\n\n<div class=\"wp-block-column is-vertically-aligned-bottom ent-texte is-layout-flow wp-block-column-is-layout-flow\" style=\"flex-basis:25%\">\n<p class=\"txt-justify\">Desde 1987, somos creadores y fabricantes <strong>franceses<\/strong> de <strong>telas de decoraci\u00f3n en BtoB.<\/strong> Nos localizamos en Alsacia, una regi\u00f3n donde el textil tiene un lugar importante en el coraz\u00f3n de su gente.<\/p>\n\n\n\n<p class=\"txt-justify\">Desde el principio, desarrollamos y comercializamos nuestra primera colecci\u00f3n de tejidos de decoraci\u00f3n dirigida a profesionales de la decoraci\u00f3n de interior. Gracias a nuestra oferta pudimos ganar r\u00e1pidamente un lugar en el mercado franc\u00e9s.<\/p>\n<\/div>\n<\/div>\n\n\n\n<h2 class=\"wp-block-heading has-text-align-center has-palette-color-1-color has-text-color\">El saber-hacer de un equipo unido<\/h2>\n\n\n\n<div class=\"wp-block-columns alignfull is-layout-flex wp-container-core-columns-is-layout-28f84493 wp-block-columns-is-layout-flex\">\n<div class=\"wp-block-column is-layout-flow wp-block-column-is-layout-flow\">\n<figure class=\"wp-block-image size-large\"><img decoding=\"async\" src=\"https:\/\/1u7l92bgaem.preview.infomaniak.website\/wp-content\/uploads\/2021\/06\/JODEE-reportage-17-1.jpg\" alt=\"\" class=\"wp-image-5961\"\/><\/figure>\n\n\n\n<figure class=\"wp-block-image size-large\"><img decoding=\"async\" src=\"https:\/\/1u7l92bgaem.preview.infomaniak.website\/wp-content\/uploads\/2021\/06\/JODEE-reportage-16-1.jpg\" alt=\"\" class=\"wp-image-5962\"\/><\/figure>\n<\/div>\n\n\n\n<div class=\"wp-block-column is-layout-flow wp-block-column-is-layout-flow\">\n<p class=\"txt-justify\">Nuestra empresa ha adquirido un verdadero saber hacer franc\u00e9s. Como proveedor de tejidos de decoraci\u00f3n, hemos aprendido a desarrollar colecciones que corresponden a tendencias actuales. Es por ello que ofrecemos gran n\u00famero de telas estampadas, lisas, jacquards y telas tintadas, a la vez inspiradas e inspirantes.<\/p>\n\n\n\n<p class=\"txt-justify\">Con el paso de los a\u00f1os no hemos dejado de evolucionar al mismo tiempo que mantemos la confianza de nuestros clientes. Hoy continuamos la b\u00fasqueda de nuevas y mejores soluciones t\u00e9cnicas que implementamos para satisfacer nuestra clientela.<br>En 2016 lanzamos nuestra propia marca de producto confeccionado, La Manufacture Fran\u00e7aise. Esta marca ofrece actualmente manteles, servilletas, pa\u00f1os de cocina, caminos de mesa y otros productos confeccionados con nuestros disenos.<\/p>\n<\/div>\n\n\n\n<div class=\"wp-block-column is-layout-flow wp-block-column-is-layout-flow\">\n<figure class=\"wp-block-image size-large\"><img decoding=\"async\" src=\"https:\/\/1u7l92bgaem.preview.infomaniak.website\/wp-content\/uploads\/2021\/06\/JODEE-reportage-18-2.jpg\" alt=\"\" class=\"wp-image-5963\"\/><\/figure>\n\n\n\n<figure class=\"wp-block-image size-large\"><img decoding=\"async\" src=\"https:\/\/1u7l92bgaem.preview.infomaniak.website\/wp-content\/uploads\/2021\/06\/JODEE-reportage-19-1.jpg\" alt=\"\" class=\"wp-image-5964\"\/><\/figure>\n<\/div>\n<\/div>\n\n\n\n<div class=\"wp-block-group alignfull is-layout-flow wp-block-group-is-layout-flow\">\n<div class=\"wp-block-columns alignfull is-layout-flex wp-container-core-columns-is-layout-28f84493 wp-block-columns-is-layout-flex\">\n<div class=\"wp-block-column is-layout-flow wp-block-column-is-layout-flow\">\n<h2 class=\"wp-block-heading has-text-align-center has-palette-color-4-color has-text-color\">M\u00e1s all\u00e1 del hex\u00e1gono<\/h2>\n\n\n\n<figure class=\"wp-block-image size-large\"><img decoding=\"async\" src=\"https:\/\/1u7l92bgaem.preview.infomaniak.website\/wp-content\/uploads\/2021\/06\/JODEE-reportage-13-1.jpg\" alt=\"\" class=\"wp-image-5967\"\/><\/figure>\n\n\n\n<p class=\"p3em txt-justify has-palette-color-5-color has-palette-color-1-background-color has-text-color has-background\">\u00a1Nuestro objectivo no se limita a Francia! Nuestra exigencia y conocimiento de mercados internacionales nos ha permitido ofrecer visibilidad y accesibilidad a nuestras colecciones de telas de decoraci\u00f3n entre profesionales internacionales del ramo : en Europa y el resto del mundo. Agradecemos a nuestros agentes internacionales, qui\u00e9nes son una ayuda inestimable.<\/p>\n<\/div>\n\n\n\n<div class=\"wp-block-column is-layout-flow wp-block-column-is-layout-flow\">\n<h2 class=\"wp-block-heading has-text-align-center title-under-jaune has-palette-color-3-color has-text-color\">Construimos relaciones en todo el mundo<\/h2>\n\n\n\n<p class=\"p3em txt-justify has-palette-color-8-color has-palette-color-1-background-color has-text-color has-background\">La fuerza de la MFTA : nuestro equipo, siempre a la escucha de las necesidades de nuestros clientes. Juntos llegamos a ofrecer el producto id\u00f3neo, respetando plazos y condiciones de entrega adecuadas. Preocupados por su satisfacci\u00f3n, nuestro equipo trabaja para proponerle a todo momento la mejor colecci\u00f3n de telas decorativas aunado a un servicio de calidad.<\/p>\n\n\n\n<figure class=\"wp-block-image size-large\"><img decoding=\"async\" src=\"https:\/\/1u7l92bgaem.preview.infomaniak.website\/wp-content\/uploads\/2021\/06\/JODEE-reportage-14-1.jpg\" alt=\"\" class=\"wp-image-5968\"\/><\/figure>\n<\/div>\n<\/div>\n<\/div>\n<\/div>\n<\/div>\n<\/div>\n<\/div>\n<\/div>\n\n\n\n<div class=\"wp-block-columns alignwide are-vertically-aligned-center is-layout-flex wp-container-core-columns-is-layout-28f84493 wp-block-columns-is-layout-flex\">\n<div class=\"wp-block-column is-vertically-aligned-center is-layout-flow wp-block-column-is-layout-flow\">\n<div class=\"wp-block-columns is-layout-flex wp-container-core-columns-is-layout-28f84493 wp-block-columns-is-layout-flex\">\n<div class=\"wp-block-column is-layout-flow wp-block-column-is-layout-flow\" style=\"flex-basis:66.66%\">\n<p class=\"has-text-align-center\"><strong>Nuestras telas atraviesan el mundo<\/strong> gracias a nuestros agentes internacionales.<br>Nuestras asistentes comerciales le atender\u00e1n <strong>con gusto en ingl\u00e9s, espa\u00f1ol, alem\u00e1n e italiano.<\/strong>.<br><em>24 personas a su servicio en Europa y Asia.<\/em><\/p>\n<\/div>\n\n\n\n<div class=\"wp-block-column is-layout-flow wp-block-column-is-layout-flow\" style=\"flex-basis:33.33%\">\n<div class=\"wp-block-buttons is-layout-flex wp-block-buttons-is-layout-flex\">\n<div class=\"wp-block-button\"><a class=\"wp-block-button__link has-palette-color-3-color has-palette-color-2-background-color has-text-color has-background wp-element-button\" href=\"https:\/\/1u7l92bgaem.preview.infomaniak.website\/contact\/\" target=\"_blank\" rel=\"noreferrer noopener\">Contacte con nuestros agentes<\/a><\/div>\n<\/div>\n<\/div>\n<\/div>\n<\/div>\n<\/div>\n\n\n\n<p class=\"has-text-align-center\"><\/p>\n\n\n\n<h2 class=\"wp-block-heading has-palette-color-4-color has-text-color\">Nuestro plus<\/h2>\n\n\n\n<div class=\"wp-block-columns is-layout-flex wp-container-core-columns-is-layout-28f84493 wp-block-columns-is-layout-flex\">\n<div class=\"wp-block-column is-vertically-aligned-center is-layout-flow wp-block-column-is-layout-flow\">\n<p class=\"txt-justify\">Nuestra empresa a tama\u00f1o humano se encuentra muy vinculada a nuestra regi\u00f3n Alsacia y deseamos promover el talento de sus habitantes. Es por ello que desde siempre colaboramos con el ISTA (Institut Sup\u00e9rieur du Textile d\u2019Alsace). Una instituci\u00f3n que forma los futuros actores del ramo textil.<\/p>\n\n\n\n<p>De igual manera contamos con una colaboraci\u00f3n hist\u00f3rica con el Mus\u00e9e de l\u2019Impression sur Etoffes de Mulhouse. Este museo es reconocido como el mayor centro de im\u00e1genes textiles en el mundo. Su colecci\u00f3n revela numerosos fabricantes de tejidos y creadores talentuosos. Sus fondos hist\u00f3ricos nos han inspirado desde el principio de nuestra aventura y continuan a hacerse presentes en el coraz\u00f3n de nuestras creaciones.<\/p>\n<\/div>\n\n\n\n<div class=\"wp-block-column is-layout-flow wp-block-column-is-layout-flow\">\n<figure class=\"wp-block-image size-large\"><img decoding=\"async\" src=\"https:\/\/1u7l92bgaem.preview.infomaniak.website\/wp-content\/uploads\/2021\/06\/JODEE-reportage-12-2.jpg\" alt=\"\" class=\"wp-image-5969\"\/><\/figure>\n<\/div>\n<\/div>\n\n\n\n<div class=\"wp-block-columns is-layout-flex wp-container-core-columns-is-layout-28f84493 wp-block-columns-is-layout-flex\">\n<div class=\"wp-block-column is-vertically-aligned-center is-layout-flow wp-block-column-is-layout-flow\" style=\"flex-basis:30%\">\n<figure class=\"wp-block-image aligncenter size-large\"><img decoding=\"async\" src=\"https:\/\/1u7l92bgaem.preview.infomaniak.website\/wp-content\/uploads\/2021\/06\/JODEE-reportage-1-1.jpg\" alt=\"\" class=\"wp-image-5970\"\/><\/figure>\n<\/div>\n\n\n\n<div class=\"wp-block-column is-layout-flow wp-block-column-is-layout-flow\">\n<h2 class=\"wp-block-heading has-text-align-center title-under-jaune has-palette-color-3-color has-text-color\">\u00bfAlguna otra informaci\u00f3n?<\/h2>\n\n\n\n<p class=\"txt-justify\">En funci\u00f3n de los productos, dificultades t\u00e9cnicas, cantidades, nivel de calidad y precio buscado por nuestros clientes, producimos en la f\u00e1brica mejor adaptada.<br>Nuestra amplia gama de tejidos lisos, jacquards, telas tintadas y estampados son ideales para la concepci\u00f3n de coj\u00ednes, manteles, cortinas, tapizados, sillas, sillones de exterior, etc\u2026con el fin de decorar interiores y exteriores.<\/p>\n\n\n\n<div class=\"wp-block-buttons is-layout-flex wp-block-buttons-is-layout-flex\">\n<div class=\"wp-block-button\"><a class=\"wp-block-button__link has-palette-color-3-color has-palette-color-2-background-color has-text-color has-background wp-element-button\" href=\"https:\/\/1u7l92bgaem.preview.infomaniak.website\/collections\">Nuestra colecci\u00f3n<\/a><\/div>\n<\/div>\n<\/div>\n<\/div>\n\n\n\n<div style=\"height:63px\" aria-hidden=\"true\" class=\"wp-block-spacer\"><\/div>\n\n\n\n<h2 class=\"wp-block-heading\">Todas las personas de nuestro equipo son importantes<\/h2>\n\n\n\n<figure class=\"wp-block-gallery has-nested-images columns-default is-cropped wp-block-gallery-1 is-layout-flex wp-block-gallery-is-layout-flex\">\n<figure class=\"wp-block-image size-large\"><img decoding=\"async\" width=\"500\" height=\"750\" data-id=\"5978\" src=\"https:\/\/www.mfta.fr\/wp-content\/uploads\/2021\/06\/\u00a9JODEE-reportage-10-1.jpg\" alt=\"\" class=\"wp-image-5978\" srcset=\"https:\/\/www.mfta.fr\/wp-content\/uploads\/2021\/06\/\u00a9JODEE-reportage-10-1.jpg 500w, https:\/\/www.mfta.fr\/wp-content\/uploads\/2021\/06\/\u00a9JODEE-reportage-10-1-400x600.jpg 400w, https:\/\/www.mfta.fr\/wp-content\/uploads\/2021\/06\/\u00a9JODEE-reportage-10-1-8x12.jpg 8w, https:\/\/www.mfta.fr\/wp-content\/uploads\/2021\/06\/\u00a9JODEE-reportage-10-1-64x96.jpg 64w\" sizes=\"(max-width: 500px) 100vw, 500px\" \/><\/figure>\n\n\n\n<figure class=\"wp-block-image size-large\"><img decoding=\"async\" width=\"500\" height=\"750\" data-id=\"5973\" src=\"https:\/\/www.mfta.fr\/wp-content\/uploads\/2021\/06\/\u00a9JODEE-reportage-4-1.jpg\" alt=\"\" class=\"wp-image-5973\" srcset=\"https:\/\/www.mfta.fr\/wp-content\/uploads\/2021\/06\/\u00a9JODEE-reportage-4-1.jpg 500w, https:\/\/www.mfta.fr\/wp-content\/uploads\/2021\/06\/\u00a9JODEE-reportage-4-1-64x96.jpg 64w, https:\/\/www.mfta.fr\/wp-content\/uploads\/2021\/06\/\u00a9JODEE-reportage-4-1-400x600.jpg 400w, https:\/\/www.mfta.fr\/wp-content\/uploads\/2021\/06\/\u00a9JODEE-reportage-4-1-8x12.jpg 8w\" sizes=\"(max-width: 500px) 100vw, 500px\" \/><\/figure>\n\n\n\n<figure class=\"wp-block-image size-large\"><img decoding=\"async\" width=\"500\" height=\"750\" data-id=\"5972\" src=\"https:\/\/www.mfta.fr\/wp-content\/uploads\/2021\/06\/\u00a9JODEE-reportage-3-1.jpg\" alt=\"\" class=\"wp-image-5972\" srcset=\"https:\/\/www.mfta.fr\/wp-content\/uploads\/2021\/06\/\u00a9JODEE-reportage-3-1.jpg 500w, https:\/\/www.mfta.fr\/wp-content\/uploads\/2021\/06\/\u00a9JODEE-reportage-3-1-64x96.jpg 64w, https:\/\/www.mfta.fr\/wp-content\/uploads\/2021\/06\/\u00a9JODEE-reportage-3-1-400x600.jpg 400w, https:\/\/www.mfta.fr\/wp-content\/uploads\/2021\/06\/\u00a9JODEE-reportage-3-1-8x12.jpg 8w\" sizes=\"(max-width: 500px) 100vw, 500px\" \/><\/figure>\n\n\n\n<figure class=\"wp-block-image size-large\"><img decoding=\"async\" width=\"750\" height=\"500\" data-id=\"5974\" src=\"https:\/\/www.mfta.fr\/wp-content\/uploads\/2021\/06\/\u00a9JODEE-reportage-5-1.jpg\" alt=\"\" class=\"wp-image-5974\" srcset=\"https:\/\/www.mfta.fr\/wp-content\/uploads\/2021\/06\/\u00a9JODEE-reportage-5-1.jpg 750w, https:\/\/www.mfta.fr\/wp-content\/uploads\/2021\/06\/\u00a9JODEE-reportage-5-1-64x43.jpg 64w, https:\/\/www.mfta.fr\/wp-content\/uploads\/2021\/06\/\u00a9JODEE-reportage-5-1-600x400.jpg 600w, https:\/\/www.mfta.fr\/wp-content\/uploads\/2021\/06\/\u00a9JODEE-reportage-5-1-16x12.jpg 16w\" sizes=\"(max-width: 750px) 100vw, 750px\" \/><\/figure>\n\n\n\n<figure class=\"wp-block-image size-large\"><img decoding=\"async\" width=\"750\" height=\"500\" data-id=\"5983\" src=\"https:\/\/www.mfta.fr\/wp-content\/uploads\/2021\/06\/\u00a9JODEE-reportage-15-1.jpg\" alt=\"\" class=\"wp-image-5983\" srcset=\"https:\/\/www.mfta.fr\/wp-content\/uploads\/2021\/06\/\u00a9JODEE-reportage-15-1.jpg 750w, https:\/\/www.mfta.fr\/wp-content\/uploads\/2021\/06\/\u00a9JODEE-reportage-15-1-64x43.jpg 64w, https:\/\/www.mfta.fr\/wp-content\/uploads\/2021\/06\/\u00a9JODEE-reportage-15-1-600x400.jpg 600w, https:\/\/www.mfta.fr\/wp-content\/uploads\/2021\/06\/\u00a9JODEE-reportage-15-1-16x12.jpg 16w\" sizes=\"(max-width: 750px) 100vw, 750px\" \/><\/figure>\n\n\n\n<figure class=\"wp-block-image size-large\"><img decoding=\"async\" width=\"750\" height=\"500\" data-id=\"5971\" src=\"https:\/\/www.mfta.fr\/wp-content\/uploads\/2021\/06\/\u00a9JODEE-reportage-2-1.jpg\" alt=\"\" class=\"wp-image-5971\" srcset=\"https:\/\/www.mfta.fr\/wp-content\/uploads\/2021\/06\/\u00a9JODEE-reportage-2-1.jpg 750w, https:\/\/www.mfta.fr\/wp-content\/uploads\/2021\/06\/\u00a9JODEE-reportage-2-1-64x43.jpg 64w, https:\/\/www.mfta.fr\/wp-content\/uploads\/2021\/06\/\u00a9JODEE-reportage-2-1-600x400.jpg 600w, https:\/\/www.mfta.fr\/wp-content\/uploads\/2021\/06\/\u00a9JODEE-reportage-2-1-16x12.jpg 16w\" sizes=\"(max-width: 750px) 100vw, 750px\" \/><\/figure>\n\n\n\n<figure class=\"wp-block-image size-large\"><img decoding=\"async\" width=\"750\" height=\"500\" data-id=\"5975\" src=\"https:\/\/www.mfta.fr\/wp-content\/uploads\/2021\/06\/\u00a9JODEE-reportage-6-1.jpg\" alt=\"\" class=\"wp-image-5975\" srcset=\"https:\/\/www.mfta.fr\/wp-content\/uploads\/2021\/06\/\u00a9JODEE-reportage-6-1.jpg 750w, https:\/\/www.mfta.fr\/wp-content\/uploads\/2021\/06\/\u00a9JODEE-reportage-6-1-64x43.jpg 64w, https:\/\/www.mfta.fr\/wp-content\/uploads\/2021\/06\/\u00a9JODEE-reportage-6-1-600x400.jpg 600w, https:\/\/www.mfta.fr\/wp-content\/uploads\/2021\/06\/\u00a9JODEE-reportage-6-1-16x12.jpg 16w\" sizes=\"(max-width: 750px) 100vw, 750px\" \/><\/figure>\n\n\n\n<figure class=\"wp-block-image size-large\"><img decoding=\"async\" width=\"750\" height=\"500\" data-id=\"5976\" src=\"https:\/\/www.mfta.fr\/wp-content\/uploads\/2021\/06\/\u00a9JODEE-reportage-7-1.jpg\" alt=\"\" class=\"wp-image-5976\" srcset=\"https:\/\/www.mfta.fr\/wp-content\/uploads\/2021\/06\/\u00a9JODEE-reportage-7-1.jpg 750w, https:\/\/www.mfta.fr\/wp-content\/uploads\/2021\/06\/\u00a9JODEE-reportage-7-1-64x43.jpg 64w, https:\/\/www.mfta.fr\/wp-content\/uploads\/2021\/06\/\u00a9JODEE-reportage-7-1-600x400.jpg 600w, https:\/\/www.mfta.fr\/wp-content\/uploads\/2021\/06\/\u00a9JODEE-reportage-7-1-16x12.jpg 16w\" sizes=\"(max-width: 750px) 100vw, 750px\" \/><\/figure>\n<\/figure>\n\n\n\n<div style=\"height:100px\" aria-hidden=\"true\" class=\"wp-block-spacer\"><\/div>","protected":false},"excerpt":{"rendered":"<p>L&#8217;histoire de notre manufacture fran\u00e7aise Depuis 1987 nous sommes cr\u00e9ateurs et fabricants fran\u00e7ais de tissus d\u2019ameublement en BtoB. Nous nous installons en Alsace, r\u00e9gion o\u00f9 le textile a toujours su prendre une grande place dans le c\u0153ur des habitants. D\u00e8s sa cr\u00e9ation, nous avons d\u00e9velopp\u00e9 et vendu notre premi\u00e8re collection de tissus d\u2019ameublement aupr\u00e8s des [&hellip;]<\/p>\n","protected":false},"author":1,"featured_media":0,"parent":0,"menu_order":0,"comment_status":"closed","ping_status":"closed","template":"","meta":{"_acf_changed":false,"footnotes":""},"class_list":["post-157","page","type-page","status-publish","hentry"],"blocksy_meta":{"styles_descriptor":{"styles":{"desktop":"","tablet":"","mobile":""},"google_fonts":[],"version":6}},"acf":[],"_links":{"self":[{"href":"https:\/\/www.mfta.fr\/es\/wp-json\/wp\/v2\/pages\/157","targetHints":{"allow":["GET"]}}],"collection":[{"href":"https:\/\/www.mfta.fr\/es\/wp-json\/wp\/v2\/pages"}],"about":[{"href":"https:\/\/www.mfta.fr\/es\/wp-json\/wp\/v2\/types\/page"}],"author":[{"embeddable":true,"href":"https:\/\/www.mfta.fr\/es\/wp-json\/wp\/v2\/users\/1"}],"replies":[{"embeddable":true,"href":"https:\/\/www.mfta.fr\/es\/wp-json\/wp\/v2\/comments?post=157"}],"version-history":[{"count":4,"href":"https:\/\/www.mfta.fr\/es\/wp-json\/wp\/v2\/pages\/157\/revisions"}],"predecessor-version":[{"id":12448,"href":"https:\/\/www.mfta.fr\/es\/wp-json\/wp\/v2\/pages\/157\/revisions\/12448"}],"wp:attachment":[{"href":"https:\/\/www.mfta.fr\/es\/wp-json\/wp\/v2\/media?parent=157"}],"curies":[{"name":"wp","href":"https:\/\/api.w.org\/{rel}","templated":true}]}}