{"id":3,"date":"2020-11-24T11:38:53","date_gmt":"2020-11-24T10:38:53","guid":{"rendered":"https:\/\/1u7l92bgaem.preview.infomaniak.website\/?page_id=3"},"modified":"2021-06-03T13:33:53","modified_gmt":"2021-06-03T11:33:53","slug":"politique-de-confidentialite","status":"publish","type":"page","link":"https:\/\/www.mfta.fr\/es\/politique-de-confidentialite\/","title":{"rendered":"Mentions l\u00e9gales et conditions g\u00e9n\u00e9rales d&#8217;utilisation du site"},"content":{"rendered":"\n<p>La soci\u00e9t\u00e9 MFTA, soucieuse des droits des individus, notamment au regard des traitements automatis\u00e9s et dans une volont\u00e9 de transparence avec ses clients, a mis en place une politique reprenant l\u2019ensemble de ces traitements, des finalit\u00e9s poursuivies par ces derniers ainsi que des moyens d\u2019actions \u00e0 la disposition des individus afin qu\u2019ils puissent au mieux exercer leurs droits. Pour toute information compl\u00e9mentaire sur la protection des donn\u00e9es personnelles, nous vous invitons \u00e0 consulter le site&nbsp;: <a href=\"https:\/\/www.cnil.fr\/\">https:\/\/www.cnil.fr\/<\/a><\/p>\n\n\n\n<p>La poursuite de la navigation sur ce site vaut acceptation sans r\u00e9serve des dispositions et conditions d&#8217;utilisation qui suivent. La version actuellement en ligne de ces conditions d&#8217;utilisation est la seule opposable pendant toute la dur\u00e9e d&#8217;utilisation du site et jusqu&#8217;\u00e0 ce qu&#8217;une nouvelle version la remplace.<\/p>\n\n\n\n<h2 class=\"wp-block-heading\">ARTICLE 1 &#8211; INFORMATIONS LEGALES<\/h2>\n\n\n\n<p>Conform\u00e9ment aux dispositions des articles 6-III et 19 de la Loi n\u00b0 2004-575 du 21 juin 2004 pour la Confiance dans l&#8217;\u00e9conomie num\u00e9rique, dite L.C.E.N., nous portons \u00e0 la connaissance des utilisateurs et visiteurs du site : mfta.fr les informations suivantes :<\/p>\n\n\n\n<h3 class=\"wp-block-heading\">1.1&nbsp; OBJET DU SITE<\/h3>\n\n\n\n<p>Le site mfta.fr est la propri\u00e9t\u00e9 exclusive de <strong>SARL MFTA,<\/strong> qui l&#8217;\u00e9dite. Secteur d&#8217;activit\u00e9 : la vente de tissus d&#8217;ameublement au m\u00e8tre.<\/p>\n\n\n\n<h3 class=\"wp-block-heading\">1.2 PROPRI\u00c9TAIRE\/EDITEUR<\/h3>\n\n\n\n<p>MFTA<br>SARL au capital de 1 500 00,00 \u20ac<br>T\u00e9l : 03 89 35 72 35<br>10 Rue Gutenberg ZI 68800 Vieux-Thann \u2013 Cedex France<br>Immatricul\u00e9e au Registre du Commerce et des Soci\u00e9t\u00e9s de 341 301 901 sous le num\u00e9ro 341 301 901 00045<br>Num\u00e9ro TVA intracommunautaire : FR0234130190100045<br>Adresse de courrier \u00e9lectronique : <a href=\"mailto:sz.mfta@gmail.com\">sz.mfta@gmail.com<\/a><\/p>\n\n\n\n<p>Directeur de la publication : St\u00e9phanie Gubiani<\/p>\n\n\n\n<h3 class=\"wp-block-heading\">1.3 H\u00c9BERGEUR<\/h3>\n\n\n\n<p>Le site est h\u00e9berg\u00e9 par Orange&nbsp;: 78 rue Olivier de Serres, 75015 Paris<\/p>\n\n\n\n<h3 class=\"wp-block-heading\">1.4 DELEGUE A LA PROTECTION DES DONNEES (DPO)<\/h3>\n\n\n\n<p>St\u00e9phanie Gubiani : <a href=\"mailto:sz.mfta@gmail.com\">sz.mfta@gmail.com<\/a><\/p>\n\n\n\n<h3 class=\"wp-block-heading\">1.5 CR\u00c9DITS<\/h3>\n\n\n\n<p><strong>Conception graphique et d\u00e9veloppement du site internet<\/strong><br>L\u00e9a Schweder \u2013 Webmaster MFTA \u2013 <a href=\"mailto:lschweder@1u7l92bgaem.preview.infomaniak.website\">lschweder@1u7l92bgaem.preview.infomaniak.website<\/a><\/p>\n\n\n\n<p><strong>Photographe : Jodee Photographie <\/strong><br><a href=\"https:\/\/www.jodeephotographie.com\/\">https:\/\/www.jodeephotographie.com\/<\/a><\/p>\n\n\n\n<p><\/p>\n\n\n\n<h2 class=\"wp-block-heading\">ARTICLE 2 &#8211; ACCES AU SITE<\/h2>\n\n\n\n<p>L&#8217;acc\u00e8s au site et son utilisation sont r\u00e9serv\u00e9s \u00e0 un usage strictement personnel. Vous vous engagez \u00e0 ne pas utiliser ce site et les informations ou donn\u00e9es qui y figurent \u00e0 des fins commerciales, politiques, publicitaires et pour toute forme de sollicitation commerciale et notamment l&#8217;envoi de courriers \u00e9lectroniques non sollicit\u00e9s.<\/p>\n\n\n\n<h2 class=\"wp-block-heading\">ARTICLE 3 &#8211; CONTENU DU SITE<\/h2>\n\n\n\n<p>Toutes les marques, photographies, textes, commentaires, illustrations, images anim\u00e9es ou non, s\u00e9quences vid\u00e9o, sons, ainsi que toutes les applications informatiques qui pourraient \u00eatre utilis\u00e9es pour faire fonctionner ce site et plus g\u00e9n\u00e9ralement tous les \u00e9l\u00e9ments reproduits ou utilis\u00e9s sur le site sont prot\u00e9g\u00e9s par les lois en vigueur au titre de la propri\u00e9t\u00e9 intellectuelle.<br>Ils sont la propri\u00e9t\u00e9 pleine et enti\u00e8re de l&#8217;Editeur ou de ses partenaires. Toute reproduction, repr\u00e9sentation, utilisation ou adaptation, sous quelque forme que ce soit, de tout ou partie de ces \u00e9l\u00e9ments, y compris les applications informatiques, et quel que soit le support, sans l&#8217;accord pr\u00e9alable et \u00e9crit de l&#8217;Editeur, sont strictement interdites.<br>Le d\u00e9faut d\u2019autorisation est sanctionn\u00e9 par le d\u00e9lit de contrefa\u00e7on.<br>Le fait pour l&#8217;Editeur de ne pas engager de proc\u00e9dure d\u00e8s la prise de connaissance de ces utilisations non autoris\u00e9es ne vaut pas acceptation desdites utilisations et renonciation aux poursuites.<\/p>\n\n\n\n<h2 class=\"wp-block-heading\">ARTICLE 4 &#8211; GESTION DU SITE<\/h2>\n\n\n\n<p>Pour la bonne gestion du site, l&#8217;Editeur pourra \u00e0 tout moment :<\/p>\n\n\n\n<ul class=\"wp-block-list\"><li>suspendre, interrompre ou limiter l&#8217;acc\u00e8s \u00e0 tout ou partie du site, r\u00e9server l&#8217;acc\u00e8s au site, ou \u00e0 certaines parties du site, \u00e0 une cat\u00e9gorie d\u00e9termin\u00e9e d&#8217;internaute ;<\/li><li>supprimer toute information pouvant en perturber le fonctionnement ou entrant en contravention avec les lois nationales ou internationales, ou avec les r\u00e8gles de la N\u00e9tiquette ;<\/li><li>suspendre le site afin de proc\u00e9der \u00e0 des mises \u00e0 jour.<\/li><\/ul>\n\n\n\n<h2 class=\"wp-block-heading\">ARTICLE 5 \u2013 RESPONSABILITES<\/h2>\n\n\n\n<p>La responsabilit\u00e9 de l\u2019\u00e9diteur ne peut \u00eatre engag\u00e9e en cas de d\u00e9faillance, panne, difficult\u00e9 ou interruption de fonctionnement, emp\u00eachant l\u2019acc\u00e8s au site ou \u00e0 une de ses fonctionnalit\u00e9s. Le mat\u00e9riel de connexion au site que vous utilisez est sous votre enti\u00e8re responsabilit\u00e9. Vous devez prendre toutes les mesures appropri\u00e9es pour prot\u00e9ger votre mat\u00e9riel et vos propres donn\u00e9es notamment d\u2019attaques virales par Internet. Vous \u00eates par ailleurs seul responsable des sites et donn\u00e9es que vous consultez.<br>L\u2019\u00e9diteur ne pourra \u00eatre tenu responsable en cas de poursuites judicaires \u00e0 votre encontre :<\/p>\n\n\n\n<ul class=\"wp-block-list\"><li>Du fait de l\u2019usage du site ou de tout service accessible via Internet ;<\/li><li>Du fait du non-respect par vous des pr\u00e9sentes conditions g\u00e9n\u00e9rales.<\/li><\/ul>\n\n\n\n<p>L\u2019\u00e9diteur n\u2019est pas responsable des dommages caus\u00e9s \u00e0 vous-m\u00eame, \u00e0 des tiers et\/ou \u00e0 votre \u00e9quipement du fait de votre connexion ou de votre utilisation du site et vous renoncez \u00e0 toute action contre lui de ce fait. Si l\u2019\u00e9diteur venait \u00e0 faire l\u2019objet d\u2019une proc\u00e9dure amiable ou judiciaire en raison de votre utilisation du site, il pourra se retourner contre vous pour obtenir l\u2019indemnisation de tous les pr\u00e9judices, sommes, condamnations et frais qui pourraient d\u00e9couler de cette proc\u00e9dure.<\/p>\n\n\n\n<h2 class=\"wp-block-heading\">ARTICLE 6 &#8211; LIENS HYPERTEXTES<\/h2>\n\n\n\n<p>La mise en place par les utilisateurs de tous liens hypertextes vers tout ou partie du site est autoris\u00e9e par l\u2019\u00e9diteur. Tout lien devra \u00eatre retir\u00e9 sur simple demande de l\u2019\u00e9diteur. Toute information accessible via un lien vers d\u2019autres sites n\u2019est pas publi\u00e9e par l\u2019\u00e9diteur. L\u2019\u00e9diteur ne dispose d\u2019aucun droit sur le contenu pr\u00e9sent dans ledit lien.<\/p>\n\n\n\n<h2 class=\"wp-block-heading\">ARTICLE 7 &#8211; COLLECTE ET PROTECTION DES DONNEES<\/h2>\n\n\n\n<p>Vos donn\u00e9es sont collect\u00e9es par la soci\u00e9t\u00e9 MFTA. Une donn\u00e9e \u00e0 caract\u00e8re personnel d\u00e9signe toute information concernant une personne physique identifi\u00e9e ou identifiable (personne concern\u00e9e)&nbsp;; est r\u00e9put\u00e9e identifiable une personne qui peut \u00eatre identifi\u00e9e, directement ou indirectement, notamment par r\u00e9f\u00e9rence \u00e0 un nom, un num\u00e9ro d\u2019identification ou \u00e0 un ou plusieurs \u00e9l\u00e9ments sp\u00e9cifiques, propres \u00e0 son identit\u00e9 physique, physiologique, g\u00e9n\u00e9tique, psychique, \u00e9conomique, culturelle ou sociale. Les informations personnelles pouvant \u00eatre recueillies sur le site sont principalement utilis\u00e9es par l\u2019\u00e9diteur pour la gestion des relations avec vous, et le cas \u00e9chant pour le traitement de vos commandes.<\/p>\n\n\n\n<p>Les donn\u00e9es personnelles collect\u00e9es sont les suivantes&nbsp;:<\/p>\n\n\n\n<ul class=\"wp-block-list\"><li>Nom et pr\u00e9nom<\/li><li>Adresse mail<\/li><li>Num\u00e9ro de t\u00e9l\u00e9phone<\/li><li>Nom de l\u2019entreprise<\/li><li>Activit\u00e9 professionnelle<\/li><li>N\u00b0SIRET \/ VAT<\/li><li>Code Postal<\/li><\/ul>\n\n\n\n<p>Un d\u00e9l\u00e9gu\u00e9 \u00e0 la protection des donn\u00e9es&nbsp;: St\u00e9phanie Zobenbiehler, <a href=\"mailto:sz.mfta@gmail.com\">sz.mfta@gmail.com<\/a>, est \u00e0 votre disposition pour toute question relative \u00e0 la protection de vos donn\u00e9es personnelles.<\/p>\n\n\n\n<h2 class=\"wp-block-heading\">ARTICLE 8 \u2013 DROIT D\u2019ACCES, DE RECTIFICATION ET DE DEREFERENCEMENT DE VOS DONNEES<\/h2>\n\n\n\n<p>En application de la r\u00e9glementation applicable aux donn\u00e9es \u00e0 caract\u00e8re personnel, les utilisateurs disposent des droits suivants&nbsp;:<\/p>\n\n\n\n<ul class=\"wp-block-list\"><li>Le droit d\u2019acc\u00e8s&nbsp;: ils peuvent exercer leur droit d\u2019acc\u00e8s pour conna\u00eetre les donn\u00e9es personnelles les concernant, en \u00e9crivant \u00e0 l\u2019adresse \u00e9lectronique ci-dessous mentionn\u00e9e. Dans ce cas, avant la mise en \u0153uvre de ce droit, la Plateforme peut demander une preuve de l\u2019identit\u00e9 de l\u2019utilisateur afin d\u2019en v\u00e9rifier l\u2019exactitude&nbsp;;<\/li><li>Le droit de rectification&nbsp;: si les donn\u00e9es \u00e0 caract\u00e8re personnel d\u00e9tenues par la Plateforme sont inexactes, ils peuvent demander la mise \u00e0 jour des informations&nbsp;;<\/li><li>Le droit de suppression des donn\u00e9es&nbsp;: les utilisateurs peuvent demander la suppression de leurs donn\u00e9es \u00e0 caract\u00e8re personnel, conform\u00e9ment aux lois applicables en mati\u00e8re de protection des donn\u00e9es&nbsp;:<\/li><li>Le droit \u00e0 la limitation du traitement&nbsp;: les utilisateurs peuvent demander \u00e0 la Plateforme de limiter le traitement des donn\u00e9es personnelles conform\u00e9ment aux hypoth\u00e8ses pr\u00e9vues par le RGPD&nbsp;;<\/li><li>Le droit de s\u2019opposer au traitement des donn\u00e9es&nbsp;: les utilisateurs peuvent s\u2019opposer \u00e0 ce que leurs donn\u00e9es soient trait\u00e9es conform\u00e9ment aux hypoth\u00e8ses pr\u00e9vues par le RGPD&nbsp;;<\/li><li>Le droit \u00e0 la portabilit\u00e9&nbsp;: ils peuvent r\u00e9clamer que la Plateforme leur remette les donn\u00e9es personnelles qu\u2019ils ont fournies pour les transmettre \u00e0 une nouvelle Plateforme.<\/li><\/ul>\n\n\n\n<p>Vous pouvez exercer ce droit en nous contactant, \u00e0 l\u2019adresse suivante&nbsp;: 10 rue d\u2019Uzes 75002 Paris. Ou par email, \u00e0 l\u2019adresse&nbsp;: <a href=\"mailto:sz.mfta@gmail.com\">sz.mfta@gmail.com<\/a><\/p>\n\n\n\n<p>Toute demande doit \u00eatre accompagn\u00e9e de la photocopie d\u2019un titre d\u2019identit\u00e9 en cours de validit\u00e9 sign\u00e9 et faire mention de l\u2019adresse \u00e0 laquelle l\u2019\u00e9diteur pourra contacter le demandeur. La r\u00e9ponse sera adress\u00e9e dans le mois suivant la r\u00e9ception de la demande. Ce d\u00e9lai d\u2019un mois peut \u00eatre prolong\u00e9 de deux mois si la complexit\u00e9 de la demande et\/ou le nombre de demandes l\u2019exigent.<\/p>\n\n\n\n<p>De plus, et depuis la loi n\u00b02016-1321 du 7 octobre 2016, les personnes qui le souhaitent, ont la possibilit\u00e9 d\u2019organiser le sort de leurs donn\u00e9es apr\u00e8s leur d\u00e9c\u00e8s. Pour plus d\u2019information sur le sujet, vous pouvez consulter le site Internet de la CNIL&nbsp;: <a href=\"https:\/\/www.cnil.fr\/\">https:\/\/www.cnil.fr\/<\/a>.<\/p>\n\n\n\n<p>Les utilisateurs peuvent aussi introduire une r\u00e9clamation aupr\u00e8s de la CNIL sur ci-dessus.<\/p>\n\n\n\n<p>Nous vous recommandons de nous contacter dans un premier temps avant de d\u00e9poser une r\u00e9clamation aupr\u00e8s de la CNIL, car nous sommes \u00e0 votre enti\u00e8re disposition pour r\u00e9gler votre probl\u00e8me.<\/p>\n\n\n\n<h2 class=\"wp-block-heading\">ARTICLE 9 &#8211; UTILISATION DES DONNEES<\/h2>\n\n\n\n<p>Les donn\u00e9es personnelles collect\u00e9es aupr\u00e8s des utilisateurs ont pour objectif la mise \u00e0 disposition des services de la plateforme, leur am\u00e9lioration et le maintien d\u2019un environnement s\u00e9curis\u00e9. La base l\u00e9gale des traitements est l\u2019ex\u00e9cution du contrat entre l\u2019utilisateur et la Plateforme. Plus pr\u00e9cis\u00e9ment, les utilisations sont les suivantes&nbsp;:<\/p>\n\n\n\n<ul class=\"wp-block-list\"><li>Acc\u00e8s et utilisation de la Plateforme par l\u2019utilisateur&nbsp;;<\/li><li>Gestion du fonctionnement et optimisation de la plateforme&nbsp;;<\/li><li>Mise en \u0153uvre d\u2019une assistance utilisateurs&nbsp;;<\/li><li>V\u00e9rification, identification et authentification des donn\u00e9es transmises par l\u2019utilisateur&nbsp;;<\/li><li>Personnalisation des services en affichant des publicit\u00e9s en fonction de l\u2019historique de navigation de l\u2019utilisateur, selon ses pr\u00e9f\u00e9rences&nbsp;;<\/li><li>Pr\u00e9vention et d\u00e9tection des fraudes, malwares (malicious softwares ou logiciels malveillants) et gestion des incidents de s\u00e9curit\u00e9&nbsp;;<\/li><li>Gestion des \u00e9ventuels litiges avec les utilisateurs&nbsp;;<\/li><li>Envoi d\u2019informations commerciales et publicitaires, en fonction des pr\u00e9f\u00e9rences de l\u2019utilisateur&nbsp;;<\/li><\/ul>\n\n\n\n<h2 class=\"wp-block-heading\">ARTICLE 10 \u2013 POLITIQUE DE CONSERVATION DES DONNEES<\/h2>\n\n\n\n<p>La Plateforme conserve vos donn\u00e9es pour la dur\u00e9e n\u00e9cessaire pour vous fournir ses services ou son assistance.<\/p>\n\n\n\n<p>Dans la mesure raisonnablement n\u00e9cessaire ou requise pour satisfaire aux obligations l\u00e9gales ou r\u00e9glementaires, r\u00e9gler les litiges, emp\u00eacher les fraudes et abus ou appliquer nos modalit\u00e9s et conditions, nous pouvons \u00e9galement conserver certaines de vos informations si n\u00e9cessaire, m\u00eame apr\u00e8s que vous ayez ferm\u00e9 votre compte ou que nous n\u2019ayons plus besoin pour vous fournir nos services.<\/p>\n\n\n\n<h2 class=\"wp-block-heading\">ARTICLE 11 \u2013 PARTAGE DES DONNEES PERSONNELLES AVEC DES TIERS<\/h2>\n\n\n\n<p>Les donn\u00e9es personnelles peuvent \u00eatre partag\u00e9es avec des soci\u00e9t\u00e9s tierces exclusivement dans l\u2019Union europ\u00e9enne, dans les cas suivants&nbsp;:<\/p>\n\n\n\n<ul class=\"wp-block-list\"><li>Lorsque l\u2019utilisateur publie, dans les zones de commentaires libres de la plateforme, des informations accessibles au public&nbsp;;<\/li><li>Quand l\u2019utilisateur autorise le site web d\u2019un tiers \u00e0 acc\u00e9der \u00e0 ses donn\u00e9es&nbsp;;<\/li><li>Quand la plateforme recourt aux services de prestataires pour fournir l\u2019assistance utilisateurs, la publicit\u00e9 et les services de paiement. Ces prestataires disposent d\u2019un acc\u00e8s limit\u00e9 aux donn\u00e9es de l\u2019utilisateur, dans le cadre de l\u2019ex\u00e9cution de ces prestations, et ont l\u2019obligation contractuelle de les utiliser en conformit\u00e9 avec les dispositions de la r\u00e9glementation applicable en mati\u00e8re protection des donn\u00e9es \u00e0 caract\u00e8re personnel&nbsp;;<\/li><li>Si la loi l\u2019exige, la Plateforme peut effectuer la transmission de donn\u00e9es pour donner suite aux r\u00e9clamations pr\u00e9sent\u00e9es contre la plateforme et se conformer aux proc\u00e9dures administratives et judiciaires.<\/li><\/ul>\n\n\n\n<h2 class=\"wp-block-heading\">ARTICLE 12 \u2013 COOKIES<\/h2>\n\n\n\n<h3 class=\"wp-block-heading\">12.1 QUE SONT LES COOKIES ?<\/h3>\n\n\n\n<p>Un cookie est un petit fichier, g\u00e9n\u00e9ralement constitu\u00e9 de lettres et de chiffres, t\u00e9l\u00e9charg\u00e9 sur votre ordinateur lorsque vous acc\u00e9dez \u00e0 certains sites internet ou services. Les cookies sont ensuite renvoy\u00e9s au site internet ou service dont ils proviennent lors de chaque visite subs\u00e9quente.<\/p>\n\n\n\n<p>Les cookies ont plusieurs utilit\u00e9s, notamment vous laisser naviguer efficacement entre des pages internet, se souvenir de vos pr\u00e9f\u00e9rences et de mani\u00e8re g\u00e9n\u00e9rale, am\u00e9liorer votre exp\u00e9rience sur un site internet. Ils peuvent aussi contribuer \u00e0 connaitre vos pr\u00e9f\u00e9rences et vous proposez des produits plus pertinents pour vous en fonction de vos int\u00e9r\u00eats.<\/p>\n\n\n\n<p>Un cookie ne contient et ne collecte pas d\u2019informations. Cependant, quand il est lu par un serveur de concert avec un navigateur internet, il permet au site internet de fournir un service plus convivial en se souvenant, par exemple, des achats pr\u00e9c\u00e9dents ou des identifiants d\u2019un compte.<\/p>\n\n\n\n<p>Les cookies sont stock\u00e9s dans la m\u00e9moire de votre navigateur et chacun d\u2019entre eux contient g\u00e9n\u00e9ralement :<\/p>\n\n\n\n<ul class=\"wp-block-list\"><li>Le nom du serveur \u00e0 partir duquel le cookie a \u00e9t\u00e9 envoy\u00e9 ;<\/li><li>La dur\u00e9e de vie du cookie ;<\/li><li>Une valeur \u2013 habituellement un nombre unique g\u00e9n\u00e9r\u00e9 de mani\u00e8re al\u00e9atoire.<\/li><\/ul>\n\n\n\n<p>Le serveur internet qui envoie le cookie utilise ce num\u00e9ro pour vous reconna\u00eetre quand vous retournez sur le site ou que vous naviguez de page en page. Seul le serveur qui a envoy\u00e9 le cookie peut lire et, par cons\u00e9quent, utiliser ce cookie.<\/p>\n\n\n\n<p>Il existe deux types de cookies, dits \u00ab provisoires \u00bb et \u00ab persistants \u00bb :<\/p>\n\n\n\n<ul class=\"wp-block-list\"><li>Les cookies dits \u00ab provisoires \u00bb, permettent aux sites internet de faire le lien entre vos actions au cours d\u2019une session de navigation. Ils peuvent \u00eatre utilis\u00e9s pour des finalit\u00e9s diverses. Ils peuvent \u00e9galement \u00eatre utilis\u00e9s \u00e0 des fins de s\u00e9curit\u00e9 lorsque vous acc\u00e9dez \u00e0 vos comptes sur les r\u00e9seaux sociaux ou pour faciliter l\u2019utilisation des e-mails. Ces cookies dits \u00ab provisoires \u00bb disparaissent \u00e0 la fin de votre session de navigation et ne sont donc pas stock\u00e9s pour une dur\u00e9e plus longue.<\/li><li>Les cookies dits \u00ab persistants \u00bb sont stock\u00e9s sur votre ordinateur entre les sessions de navigation et permettent de conserver en m\u00e9moire vos pr\u00e9f\u00e9rences ou actions sur un site (ou dans certains cas sur diff\u00e9rents sites internet). Les cookies dits \u00ab persistants \u00bb peuvent \u00eatre utilis\u00e9s pour des finalit\u00e9s diverses et notamment afin de se souvenir de vos pr\u00e9f\u00e9rences et choix lors de l\u2019utilisation d\u2019un site ou faire de la publicit\u00e9 cibl\u00e9e.<\/li><\/ul>\n\n\n\n<p>Les cookies peuvent \u00e9galement \u00eatre class\u00e9s selon les cat\u00e9gories suivantes, les \u00ab cookies internes \u00bb, qui proviennent du site internet sur lequel vous naviguez, ou les \u00ab cookies tiers \u00bb qui proviennent d\u2019un site internet distinct de celui sur lequel vous naviguez.<\/p>\n\n\n\n<h3 class=\"wp-block-heading\">12.2 QUELS COOKIES UTILISE LE SITE MFTA ?<\/h3>\n\n\n\n<p>MFTA utilise les cookies suivants pour am\u00e9liorer et personnaliser votre exp\u00e9rience sur le site internet :<\/p>\n\n\n\n<ul class=\"wp-block-list\"><li>Nom du cookie : Google Analytics<\/li><li>Objectif du cookie : Les cookies de Google Analytics sont utilis\u00e9s pour enregistrer votre comportement sur le site web ou le service que vous visitez, tels que la fr\u00e9quence de vos visites, des onglets ou boutons sont cliqu\u00e9s, etc. [m1]<\/li><li>Afin de mieux vous servir, nous mesurons \u00e9galement le nombre de pages vues, le nombre de visites ainsi que l&#8217;activit\u00e9 des visiteurs sur notre site internet et leur fr\u00e9quence de retour.<\/li><li>A cet effet, nous utilisons la technologie des &#8220;cookies&#8221; et ceux-ci sont \u00e9mis par la solution de mesure d&#8217;audience de la soci\u00e9t\u00e9 Google Analytics.<\/li><\/ul>\n\n\n\n<h3 class=\"wp-block-heading\">12.3. COMMENT PUIS-JE CONTR\u00d4LER LES COOKIES UTILISES PAR LA MFTA ?<\/h3>\n\n\n\n<p>Vous pouvez contr\u00f4ler les cookies gr\u00e2ce aux param\u00e8tres de votre navigateur. Vous pouvez contr\u00f4ler les cookies Flash via l\u2019application Macromedia Flash sur votre ordinateur, ou en allant sur le site internet Adobe Flash Player, qui vous permet d\u2019identifier, modifier et supprimer les cookies Flash.<\/p>\n\n\n\n<p>L\u2019utilisation de cookies, balises Web ou de technologies similaires par tous sites internet tiers fournisseurs de contenus publicitaires est soumise \u00e0 leur propre politique de confidentialit\u00e9 en mati\u00e8re de cookies.<\/p>\n\n\n\n<p>Si vous avez consenti au placement de cookies sur votre navigateur via la banni\u00e8re affich\u00e9e sur la page d\u2019accueil du site internet, nous vous prions de bien vouloir noter que ledit consentement peut \u00eatre retir\u00e9 \u00e0 tout moment.<\/p>\n\n\n\n<p>Si vous souhaitez supprimer les cookies de notre site, suivez les \u00e9tapes ci-dessous.<\/p>\n\n\n\n<p><strong>Sur Google Chrome<\/strong><br>Cliquez sur le menu Personnaliser et Contr\u00f4ler Google Chrome dans la barre d&#8217;outils du navigateur. S\u00e9lectionnez Param\u00e8tres. Cliquez sur Afficher les param\u00e8tres avanc\u00e9s. Dans la section &#8220;Confidentialit\u00e9&#8221;, cliquez sur le bouton Param\u00e8tres de contenu. Dans la section &#8220;Cookies&#8221;, vous pouvez modifier les param\u00e8tres suivants : Supprimer les cookies. Cliquez sur Cookies et donn\u00e9es de site pour ouvrir la bo\u00eete de dialogue &#8220;Cookies et autres donn\u00e9es&#8221;. Pour supprimer tous les cookies, cliquez sur Tout supprimer en bas de la bo\u00eete de dialogue. Pour supprimer un cookie sp\u00e9cifique, passez la souris sur le site ayant cr\u00e9\u00e9 le cookie, puis cliquez sur X dans l&#8217;angle droit.<\/p>\n\n\n\n<p><strong>Sur Microsoft Internet Explorer 8.0, 9.0, 10.0, 11.0<\/strong><br>Pour ouvrir Internet Explorer, cliquez sur le bouton D\u00e9marrer , puis sur Internet Explorer. Cliquez sur le bouton S\u00e9curit\u00e9, puis sur Supprimer l\u2019historique de navigation. Activez la case \u00e0 cocher en regard de Cookies. Activez la case Conserver les donn\u00e9es des sites Web favoris si vous ne souhaitez pas supprimer les cookies et les fichiers associ\u00e9s aux sites Web dans la liste des Favoris.<br>Cliquez sur Supprimer.<\/p>\n\n\n\n<p><strong>Sur Mozilla Firefox<\/strong><br>En haut de la fen\u00eatre de Firefox, cliquez sur le bouton Firefox, survolez le menu Historique, puis s\u00e9lectionnez Supprimer l&#8217;historique r\u00e9cent. Dans le menu d\u00e9roulant Intervalle \u00e0 effacer s\u00e9lectionnez tout. Cliquez sur la fl\u00e8che pr\u00e8s de D\u00e9tails pour afficher le d\u00e9tail des \u00e9l\u00e9ments contenus dans l&#8217;historique. Cochez la case Cookies et assurez-vous que les \u00e9l\u00e9ments que vous souhaitez conserver ne sont pas s\u00e9lectionn\u00e9s. Cliquez sur Effacer maintenant pour supprimer tous les cookies et fermer la fen\u00eatre \u00ab Supprimer l&#8217;historique r\u00e9cent \u00bb.<\/p>\n\n\n\n<p><strong>Sur Safari<\/strong><br>Choisissez Safari -&gt; Pr\u00e9f\u00e9rences. Cliquez sur S\u00e9curit\u00e9. Cliquez sur Afficher les cookies. S\u00e9lectionnez les cookies voulus et cliquez sur Effacer ou sur Tout effacer. Apr\u00e8s avoir supprim\u00e9 les cookies, cliquez sur Termin\u00e9.<\/p>\n\n\n\n<h2 class=\"wp-block-heading\">ARTICLE 13 \u2013 PHOTOGRAPHIES ET REPRESENTATION DES PRODUITS<\/h2>\n\n\n\n<p>Les pr\u00e9sentes conditions d&#8217;utilisation du site sont r\u00e9gies par la loi fran\u00e7aise et soumises \u00e0 la comp\u00e9tence des tribunaux de Paris, sous r\u00e9serve d&#8217;une attribution de comp\u00e9tence sp\u00e9cifique d\u00e9coulant d&#8217;un texte de loi ou r\u00e9glementaire particulier.<\/p>\n\n\n\n<h2 class=\"wp-block-heading\">ARTICLE 15 \u2013 CONTACTEZ-NOUS<\/h2>\n\n\n\n<p>Pour toute question, information sur les \u00e9l\u00e9ments figurant sur le site, ou concernant le site lui-m\u00eame, ou les pr\u00e9sentes mentions l\u00e9gales, vous pouvez nous adresser un message \u00e0 l&#8217;adresse suivante : <a href=\"mailto:sz.mfta@gmail.com\">sz.mfta@gmail.com<\/a>.<\/p>\n","protected":false},"excerpt":{"rendered":"<p>La soci\u00e9t\u00e9 MFTA, soucieuse des droits des individus, notamment au regard des traitements automatis\u00e9s et dans une volont\u00e9 de transparence avec ses clients, a mis en place une politique reprenant l\u2019ensemble de ces traitements, des finalit\u00e9s poursuivies par ces derniers ainsi que des moyens d\u2019actions \u00e0 la disposition des individus afin qu\u2019ils puissent au mieux [&hellip;]<\/p>\n","protected":false},"author":1,"featured_media":0,"parent":0,"menu_order":0,"comment_status":"closed","ping_status":"open","template":"","meta":{"_acf_changed":false,"footnotes":""},"class_list":["post-3","page","type-page","status-publish","hentry"],"blocksy_meta":{"styles_descriptor":{"styles":{"desktop":"","tablet":"","mobile":""},"google_fonts":[],"version":6}},"acf":[],"_links":{"self":[{"href":"https:\/\/www.mfta.fr\/es\/wp-json\/wp\/v2\/pages\/3","targetHints":{"allow":["GET"]}}],"collection":[{"href":"https:\/\/www.mfta.fr\/es\/wp-json\/wp\/v2\/pages"}],"about":[{"href":"https:\/\/www.mfta.fr\/es\/wp-json\/wp\/v2\/types\/page"}],"author":[{"embeddable":true,"href":"https:\/\/www.mfta.fr\/es\/wp-json\/wp\/v2\/users\/1"}],"replies":[{"embeddable":true,"href":"https:\/\/www.mfta.fr\/es\/wp-json\/wp\/v2\/comments?post=3"}],"version-history":[{"count":0,"href":"https:\/\/www.mfta.fr\/es\/wp-json\/wp\/v2\/pages\/3\/revisions"}],"wp:attachment":[{"href":"https:\/\/www.mfta.fr\/es\/wp-json\/wp\/v2\/media?parent=3"}],"curies":[{"name":"wp","href":"https:\/\/api.w.org\/{rel}","templated":true}]}}