{"id":7494,"date":"2022-11-10T11:25:53","date_gmt":"2022-11-10T10:25:53","guid":{"rendered":"https:\/\/1u7l92bgaem.preview.infomaniak.website\/?page_id=7494"},"modified":"2023-09-22T10:42:15","modified_gmt":"2023-09-22T08:42:15","slug":"tissus-decoration-de-noel","status":"publish","type":"page","link":"https:\/\/www.mfta.fr\/es\/tissus-decoration-de-noel\/","title":{"rendered":"Selecci\u00f3n de telas para Navidad"},"content":{"rendered":"<figure class=\"wp-block-gallery has-nested-images columns-default is-cropped wp-block-gallery-1 is-layout-flex wp-block-gallery-is-layout-flex\">\n<figure class=\"wp-block-image size-full\"><img decoding=\"async\" width=\"750\" height=\"800\" data-id=\"8899\" src=\"https:\/\/1u7l92bgaem.preview.infomaniak.website\/wp-content\/uploads\/2023\/09\/mapping-jardin-dhiver.jpg\" alt=\"\" class=\"wp-image-8899\" style=\"aspect-ratio:3\/4;object-fit:cover\" srcset=\"https:\/\/www.mfta.fr\/wp-content\/uploads\/2023\/09\/mapping-jardin-dhiver.jpg 750w, https:\/\/www.mfta.fr\/wp-content\/uploads\/2023\/09\/mapping-jardin-dhiver-563x600.jpg 563w, https:\/\/www.mfta.fr\/wp-content\/uploads\/2023\/09\/mapping-jardin-dhiver-11x12.jpg 11w, https:\/\/www.mfta.fr\/wp-content\/uploads\/2023\/09\/mapping-jardin-dhiver-64x68.jpg 64w\" sizes=\"(max-width: 750px) 100vw, 750px\" \/><\/figure>\n\n\n\n<figure class=\"wp-block-image size-full\"><img decoding=\"async\" width=\"630\" height=\"800\" data-id=\"8896\" src=\"https:\/\/1u7l92bgaem.preview.infomaniak.website\/wp-content\/uploads\/2023\/09\/mapping-casse-noisette-diy.jpg\" alt=\"\" class=\"wp-image-8896\" srcset=\"https:\/\/www.mfta.fr\/wp-content\/uploads\/2023\/09\/mapping-casse-noisette-diy.jpg 630w, https:\/\/www.mfta.fr\/wp-content\/uploads\/2023\/09\/mapping-casse-noisette-diy-473x600.jpg 473w, https:\/\/www.mfta.fr\/wp-content\/uploads\/2023\/09\/mapping-casse-noisette-diy-9x12.jpg 9w, https:\/\/www.mfta.fr\/wp-content\/uploads\/2023\/09\/mapping-casse-noisette-diy-64x81.jpg 64w\" sizes=\"(max-width: 630px) 100vw, 630px\" \/><\/figure>\n\n\n\n<figure class=\"wp-block-image alignfull size-large\"><img decoding=\"async\" width=\"724\" height=\"1024\" data-id=\"8901\" src=\"https:\/\/1u7l92bgaem.preview.infomaniak.website\/wp-content\/uploads\/2023\/09\/NUIT-DE-NOEL-724x1024.jpg\" alt=\"\" class=\"wp-image-8901\" style=\"aspect-ratio:3\/4;object-fit:cover\" srcset=\"https:\/\/www.mfta.fr\/wp-content\/uploads\/2023\/09\/NUIT-DE-NOEL-724x1024.jpg 724w, https:\/\/www.mfta.fr\/wp-content\/uploads\/2023\/09\/NUIT-DE-NOEL-424x600.jpg 424w, https:\/\/www.mfta.fr\/wp-content\/uploads\/2023\/09\/NUIT-DE-NOEL-768x1086.jpg 768w, https:\/\/www.mfta.fr\/wp-content\/uploads\/2023\/09\/NUIT-DE-NOEL-1086x1536.jpg 1086w, https:\/\/www.mfta.fr\/wp-content\/uploads\/2023\/09\/NUIT-DE-NOEL-8x12.jpg 8w, https:\/\/www.mfta.fr\/wp-content\/uploads\/2023\/09\/NUIT-DE-NOEL-800x1132.jpg 800w, https:\/\/www.mfta.fr\/wp-content\/uploads\/2023\/09\/NUIT-DE-NOEL-64x91.jpg 64w, https:\/\/www.mfta.fr\/wp-content\/uploads\/2023\/09\/NUIT-DE-NOEL.jpg 1240w\" sizes=\"(max-width: 724px) 100vw, 724px\" \/><\/figure>\n<\/figure>\n\n\n\n<p>Navidad es una epoca llena de magia\u2026\u00a1hace so\u00f1ar a chicos y grandes !<\/p>\n\n\n\n<p>Las fiestas de fin de a\u00f1o son a menudo la ocasi\u00f3n para confeccionar peque\u00f1os detalles para embellecer nuestras mesas de fiesta y decorar nuestro hogar.<\/p>\n\n\n\n<p>Para sumergirse completamente en este ambiente festivo y esperar hasta el d\u00eda D, la MFTA le propone una selecci\u00f3n de telas brillantes, doradas, lentejuelas e impresas para responder a todos sus deseos de creaci\u00f3n. Opte por algod\u00f3n, jacquard, algod\u00f3n con recubierto acr\u00edlico o tela en algod\u00f3n con aspecto lino.<\/p>\n\n\n\n<p>No deje nada al azar para su decoraci\u00f3n : manteles y corredores de mesa, decoraci\u00f3n de arbolito, calendario de Adviento, empaques de regalo\u2026\u00a1sea creativo !<\/p>\n\n\n\n<p>Un parent\u00e9sis m\u00e1gico que no dejar\u00e1 indiferentes a sus invitados y familia.<\/p>\n\n\n\n<p>\u00a1Le dejamos descubrir un panorama de nuestras mejoras ventas ! Toda la colecci\u00f3n esta disponible en nuestro e-cat\u00e1logo, especial Navidad.&nbsp;<a href=\"https:\/\/1u7l92bgaem.preview.infomaniak.website\/acces-pro\/\">e-Cat\u00e1logo<\/a>, th\u00e9matique No\u00ebl.<\/p>\n\n\n\n<h3 class=\"wp-block-heading\"><strong>Tejido impreso cretona, 100% algod\u00f3n<\/strong>&nbsp;\u2013 peque\u00f1os motivos de Navidad \u2013 ancho 160 cm, disponible con recubierto acr\u00edlico<\/h3>\n\n\n\n<figure class=\"wp-block-gallery has-nested-images columns-default is-cropped wp-block-gallery-2 is-layout-flex wp-block-gallery-is-layout-flex\">\n<figure class=\"wp-block-image size-full\"><img decoding=\"async\" width=\"640\" height=\"640\" data-id=\"8893\" src=\"https:\/\/1u7l92bgaem.preview.infomaniak.website\/wp-content\/uploads\/2023\/09\/IMG_8728.jpg\" alt=\"\" class=\"wp-image-8893\" srcset=\"https:\/\/www.mfta.fr\/wp-content\/uploads\/2023\/09\/IMG_8728.jpg 640w, https:\/\/www.mfta.fr\/wp-content\/uploads\/2023\/09\/IMG_8728-600x600.jpg 600w, https:\/\/www.mfta.fr\/wp-content\/uploads\/2023\/09\/IMG_8728-300x300.jpg 300w, https:\/\/www.mfta.fr\/wp-content\/uploads\/2023\/09\/IMG_8728-12x12.jpg 12w, https:\/\/www.mfta.fr\/wp-content\/uploads\/2023\/09\/IMG_8728-100x100.jpg 100w, https:\/\/www.mfta.fr\/wp-content\/uploads\/2023\/09\/IMG_8728-64x64.jpg 64w\" sizes=\"(max-width: 640px) 100vw, 640px\" \/><figcaption class=\"wp-element-caption\">NOEL VINTAGE 4893\/001<\/figcaption><\/figure>\n\n\n\n<figure class=\"wp-block-image size-full\"><img decoding=\"async\" width=\"640\" height=\"640\" data-id=\"8902\" src=\"https:\/\/1u7l92bgaem.preview.infomaniak.website\/wp-content\/uploads\/2023\/09\/IMG_8726.jpg\" alt=\"\" class=\"wp-image-8902\" srcset=\"https:\/\/www.mfta.fr\/wp-content\/uploads\/2023\/09\/IMG_8726.jpg 640w, https:\/\/www.mfta.fr\/wp-content\/uploads\/2023\/09\/IMG_8726-600x600.jpg 600w, https:\/\/www.mfta.fr\/wp-content\/uploads\/2023\/09\/IMG_8726-300x300.jpg 300w, https:\/\/www.mfta.fr\/wp-content\/uploads\/2023\/09\/IMG_8726-12x12.jpg 12w, https:\/\/www.mfta.fr\/wp-content\/uploads\/2023\/09\/IMG_8726-100x100.jpg 100w, https:\/\/www.mfta.fr\/wp-content\/uploads\/2023\/09\/IMG_8726-64x64.jpg 64w\" sizes=\"(max-width: 640px) 100vw, 640px\" \/><figcaption class=\"wp-element-caption\">CHRISTMAS TIME 4839\/001<\/figcaption><\/figure>\n\n\n\n<figure class=\"wp-block-image size-full\"><img decoding=\"async\" width=\"640\" height=\"640\" data-id=\"8892\" src=\"https:\/\/1u7l92bgaem.preview.infomaniak.website\/wp-content\/uploads\/2023\/09\/IMG_8727.jpg\" alt=\"\" class=\"wp-image-8892\" srcset=\"https:\/\/www.mfta.fr\/wp-content\/uploads\/2023\/09\/IMG_8727.jpg 640w, https:\/\/www.mfta.fr\/wp-content\/uploads\/2023\/09\/IMG_8727-600x600.jpg 600w, https:\/\/www.mfta.fr\/wp-content\/uploads\/2023\/09\/IMG_8727-300x300.jpg 300w, https:\/\/www.mfta.fr\/wp-content\/uploads\/2023\/09\/IMG_8727-12x12.jpg 12w, https:\/\/www.mfta.fr\/wp-content\/uploads\/2023\/09\/IMG_8727-100x100.jpg 100w, https:\/\/www.mfta.fr\/wp-content\/uploads\/2023\/09\/IMG_8727-64x64.jpg 64w\" sizes=\"(max-width: 640px) 100vw, 640px\" \/><figcaption class=\"wp-element-caption\">CHRISTMAS TIME 4839\/003<\/figcaption><\/figure>\n\n\n\n<figure class=\"wp-block-image size-full\"><img decoding=\"async\" width=\"640\" height=\"640\" data-id=\"8886\" src=\"https:\/\/1u7l92bgaem.preview.infomaniak.website\/wp-content\/uploads\/2023\/09\/IMG_8720.jpg\" alt=\"\" class=\"wp-image-8886\" srcset=\"https:\/\/www.mfta.fr\/wp-content\/uploads\/2023\/09\/IMG_8720.jpg 640w, https:\/\/www.mfta.fr\/wp-content\/uploads\/2023\/09\/IMG_8720-600x600.jpg 600w, https:\/\/www.mfta.fr\/wp-content\/uploads\/2023\/09\/IMG_8720-300x300.jpg 300w, https:\/\/www.mfta.fr\/wp-content\/uploads\/2023\/09\/IMG_8720-12x12.jpg 12w, https:\/\/www.mfta.fr\/wp-content\/uploads\/2023\/09\/IMG_8720-100x100.jpg 100w, https:\/\/www.mfta.fr\/wp-content\/uploads\/2023\/09\/IMG_8720-64x64.jpg 64w\" sizes=\"(max-width: 640px) 100vw, 640px\" \/><figcaption class=\"wp-element-caption\">JOLI COEUR 4667\/001<\/figcaption><\/figure>\n\n\n\n<figure class=\"wp-block-image size-full\"><img decoding=\"async\" width=\"640\" height=\"640\" data-id=\"8885\" src=\"https:\/\/1u7l92bgaem.preview.infomaniak.website\/wp-content\/uploads\/2023\/09\/IMG_8719.jpg\" alt=\"\" class=\"wp-image-8885\" srcset=\"https:\/\/www.mfta.fr\/wp-content\/uploads\/2023\/09\/IMG_8719.jpg 640w, https:\/\/www.mfta.fr\/wp-content\/uploads\/2023\/09\/IMG_8719-600x600.jpg 600w, https:\/\/www.mfta.fr\/wp-content\/uploads\/2023\/09\/IMG_8719-300x300.jpg 300w, https:\/\/www.mfta.fr\/wp-content\/uploads\/2023\/09\/IMG_8719-12x12.jpg 12w, https:\/\/www.mfta.fr\/wp-content\/uploads\/2023\/09\/IMG_8719-100x100.jpg 100w, https:\/\/www.mfta.fr\/wp-content\/uploads\/2023\/09\/IMG_8719-64x64.jpg 64w\" sizes=\"(max-width: 640px) 100vw, 640px\" \/><figcaption class=\"wp-element-caption\">JOLI COEUR 4667\/002<\/figcaption><\/figure>\n\n\n\n<figure class=\"wp-block-image size-large\"><img decoding=\"async\" width=\"640\" height=\"640\" data-id=\"7496\" src=\"https:\/\/1u7l92bgaem.preview.infomaniak.website\/wp-content\/uploads\/2022\/10\/IMG_5318.jpg\" alt=\"\" class=\"wp-image-7496\" srcset=\"https:\/\/www.mfta.fr\/wp-content\/uploads\/2022\/10\/IMG_5318.jpg 640w, https:\/\/www.mfta.fr\/wp-content\/uploads\/2022\/10\/IMG_5318-600x600.jpg 600w, https:\/\/www.mfta.fr\/wp-content\/uploads\/2022\/10\/IMG_5318-300x300.jpg 300w, https:\/\/www.mfta.fr\/wp-content\/uploads\/2022\/10\/IMG_5318-12x12.jpg 12w, https:\/\/www.mfta.fr\/wp-content\/uploads\/2022\/10\/IMG_5318-100x100.jpg 100w, https:\/\/www.mfta.fr\/wp-content\/uploads\/2022\/10\/IMG_5318-64x64.jpg 64w\" sizes=\"(max-width: 640px) 100vw, 640px\" \/><figcaption class=\"wp-element-caption\">MINI COEUR  4386<\/figcaption><\/figure>\n<\/figure>\n\n\n\n<h3 class=\"wp-block-heading\"><strong>Tissus palace , 75% coton\/25% polyeste<\/strong>r &#8211; laize de 140 cm<\/h3>\n\n\n\n<figure class=\"wp-block-gallery has-nested-images columns-default is-cropped wp-block-gallery-3 is-layout-flex wp-block-gallery-is-layout-flex\">\n<figure class=\"wp-block-image size-full\"><img decoding=\"async\" width=\"640\" height=\"640\" data-id=\"8888\" src=\"https:\/\/1u7l92bgaem.preview.infomaniak.website\/wp-content\/uploads\/2023\/09\/IMG_8722.jpg\" alt=\"\" class=\"wp-image-8888\" srcset=\"https:\/\/www.mfta.fr\/wp-content\/uploads\/2023\/09\/IMG_8722.jpg 640w, https:\/\/www.mfta.fr\/wp-content\/uploads\/2023\/09\/IMG_8722-600x600.jpg 600w, https:\/\/www.mfta.fr\/wp-content\/uploads\/2023\/09\/IMG_8722-300x300.jpg 300w, https:\/\/www.mfta.fr\/wp-content\/uploads\/2023\/09\/IMG_8722-12x12.jpg 12w, https:\/\/www.mfta.fr\/wp-content\/uploads\/2023\/09\/IMG_8722-100x100.jpg 100w, https:\/\/www.mfta.fr\/wp-content\/uploads\/2023\/09\/IMG_8722-64x64.jpg 64w\" sizes=\"(max-width: 640px) 100vw, 640px\" \/><figcaption class=\"wp-element-caption\">CASSE-NOISETTE 4964\/001<\/figcaption><\/figure>\n\n\n\n<figure class=\"wp-block-image size-full\"><img decoding=\"async\" width=\"640\" height=\"640\" data-id=\"8889\" src=\"https:\/\/1u7l92bgaem.preview.infomaniak.website\/wp-content\/uploads\/2023\/09\/IMG_8723.jpg\" alt=\"\" class=\"wp-image-8889\" srcset=\"https:\/\/www.mfta.fr\/wp-content\/uploads\/2023\/09\/IMG_8723.jpg 640w, https:\/\/www.mfta.fr\/wp-content\/uploads\/2023\/09\/IMG_8723-600x600.jpg 600w, https:\/\/www.mfta.fr\/wp-content\/uploads\/2023\/09\/IMG_8723-300x300.jpg 300w, https:\/\/www.mfta.fr\/wp-content\/uploads\/2023\/09\/IMG_8723-12x12.jpg 12w, https:\/\/www.mfta.fr\/wp-content\/uploads\/2023\/09\/IMG_8723-100x100.jpg 100w, https:\/\/www.mfta.fr\/wp-content\/uploads\/2023\/09\/IMG_8723-64x64.jpg 64w\" sizes=\"(max-width: 640px) 100vw, 640px\" \/><figcaption class=\"wp-element-caption\">JARDIN D&#8217;HIVER 4948\/001<\/figcaption><\/figure>\n\n\n\n<figure class=\"wp-block-image size-large\"><img decoding=\"async\" data-id=\"8908\" src=\"https:\/\/1u7l92bgaem.preview.infomaniak.website\/wp-content\/uploads\/2023\/09\/Cottage-5-1-1024x1024.png\" alt=\"\" class=\"wp-image-8908\"\/><\/figure>\n<\/figure>\n\n\n\n<figure class=\"wp-block-gallery has-nested-images columns-default is-cropped wp-block-gallery-4 is-layout-flex wp-block-gallery-is-layout-flex\"><\/figure>\n\n\n\n<h3 class=\"wp-block-heading\"><strong>Tejido terciopelo <\/strong>\u2013 ancho 145cm<\/h3>\n\n\n\n<figure class=\"wp-block-gallery has-nested-images columns-default is-cropped wp-block-gallery-5 is-layout-flex wp-block-gallery-is-layout-flex\">\n<figure class=\"wp-block-image size-large\"><img decoding=\"async\" width=\"1024\" height=\"1024\" data-id=\"7517\" src=\"https:\/\/1u7l92bgaem.preview.infomaniak.website\/wp-content\/uploads\/2022\/10\/IMG_5314-1-1024x1024.jpg\" alt=\"\" class=\"wp-image-7517\" srcset=\"https:\/\/www.mfta.fr\/wp-content\/uploads\/2022\/10\/IMG_5314-1-1024x1024.jpg 1024w, https:\/\/www.mfta.fr\/wp-content\/uploads\/2022\/10\/IMG_5314-1-600x600.jpg 600w, https:\/\/www.mfta.fr\/wp-content\/uploads\/2022\/10\/IMG_5314-1-300x300.jpg 300w, https:\/\/www.mfta.fr\/wp-content\/uploads\/2022\/10\/IMG_5314-1-768x768.jpg 768w, https:\/\/www.mfta.fr\/wp-content\/uploads\/2022\/10\/IMG_5314-1-12x12.jpg 12w, https:\/\/www.mfta.fr\/wp-content\/uploads\/2022\/10\/IMG_5314-1-800x800.jpg 800w, https:\/\/www.mfta.fr\/wp-content\/uploads\/2022\/10\/IMG_5314-1-100x100.jpg 100w, https:\/\/www.mfta.fr\/wp-content\/uploads\/2022\/10\/IMG_5314-1-64x64.jpg 64w, https:\/\/www.mfta.fr\/wp-content\/uploads\/2022\/10\/IMG_5314-1.jpg 1512w\" sizes=\"(max-width: 1024px) 100vw, 1024px\" \/><figcaption class=\"wp-element-caption\">SCALA 6603<\/figcaption><\/figure>\n\n\n\n<figure class=\"wp-block-image size-large\"><img decoding=\"async\" width=\"1024\" height=\"1024\" data-id=\"7522\" src=\"https:\/\/1u7l92bgaem.preview.infomaniak.website\/wp-content\/uploads\/2022\/10\/tiffany-1024x1024.jpg\" alt=\"\" class=\"wp-image-7522\" srcset=\"https:\/\/www.mfta.fr\/wp-content\/uploads\/2022\/10\/tiffany-1024x1024.jpg 1024w, https:\/\/www.mfta.fr\/wp-content\/uploads\/2022\/10\/tiffany-600x600.jpg 600w, https:\/\/www.mfta.fr\/wp-content\/uploads\/2022\/10\/tiffany-300x300.jpg 300w, https:\/\/www.mfta.fr\/wp-content\/uploads\/2022\/10\/tiffany-768x768.jpg 768w, https:\/\/www.mfta.fr\/wp-content\/uploads\/2022\/10\/tiffany-12x12.jpg 12w, https:\/\/www.mfta.fr\/wp-content\/uploads\/2022\/10\/tiffany-800x800.jpg 800w, https:\/\/www.mfta.fr\/wp-content\/uploads\/2022\/10\/tiffany-100x100.jpg 100w, https:\/\/www.mfta.fr\/wp-content\/uploads\/2022\/10\/tiffany-64x64.jpg 64w, https:\/\/www.mfta.fr\/wp-content\/uploads\/2022\/10\/tiffany.jpg 1512w\" sizes=\"(max-width: 1024px) 100vw, 1024px\" \/><figcaption class=\"wp-element-caption\">TIFFANY 6881<\/figcaption><\/figure>\n\n\n\n<figure class=\"wp-block-image size-large\"><img decoding=\"async\" data-id=\"8907\" src=\"https:\/\/1u7l92bgaem.preview.infomaniak.website\/wp-content\/uploads\/2023\/09\/Cottage-5-1024x1024.png\" alt=\"\" class=\"wp-image-8907\"\/><\/figure>\n<\/figure>\n\n\n\n<h3 class=\"wp-block-heading\"><strong>Tejido palace<\/strong>- ancho 160 \/ 280 cm \u2013 lurex  -disponible con recubierto acr\u00edlico <strong>Tejido lino algod\u00f3n<\/strong> - ancho 150 cm \u2013 foil<\/h3>\n\n\n\n<figure class=\"wp-block-gallery has-nested-images columns-default is-cropped wp-block-gallery-6 is-layout-flex wp-block-gallery-is-layout-flex\">\n<figure class=\"wp-block-image size-large\"><img decoding=\"async\" width=\"1024\" height=\"1024\" data-id=\"7533\" src=\"https:\/\/1u7l92bgaem.preview.infomaniak.website\/wp-content\/uploads\/2022\/10\/IMG_5312-2-1024x1024.jpg\" alt=\"\" class=\"wp-image-7533\" srcset=\"https:\/\/www.mfta.fr\/wp-content\/uploads\/2022\/10\/IMG_5312-2-1024x1024.jpg 1024w, https:\/\/www.mfta.fr\/wp-content\/uploads\/2022\/10\/IMG_5312-2-600x600.jpg 600w, https:\/\/www.mfta.fr\/wp-content\/uploads\/2022\/10\/IMG_5312-2-300x300.jpg 300w, https:\/\/www.mfta.fr\/wp-content\/uploads\/2022\/10\/IMG_5312-2-768x768.jpg 768w, https:\/\/www.mfta.fr\/wp-content\/uploads\/2022\/10\/IMG_5312-2-12x12.jpg 12w, https:\/\/www.mfta.fr\/wp-content\/uploads\/2022\/10\/IMG_5312-2-800x800.jpg 800w, https:\/\/www.mfta.fr\/wp-content\/uploads\/2022\/10\/IMG_5312-2-100x100.jpg 100w, https:\/\/www.mfta.fr\/wp-content\/uploads\/2022\/10\/IMG_5312-2-64x64.jpg 64w, https:\/\/www.mfta.fr\/wp-content\/uploads\/2022\/10\/IMG_5312-2.jpg 1512w\" sizes=\"(max-width: 1024px) 100vw, 1024px\" \/><figcaption class=\"wp-element-caption\">CUBEX 6518<\/figcaption><\/figure>\n\n\n\n<figure class=\"wp-block-image size-large\"><img decoding=\"async\" width=\"640\" height=\"640\" data-id=\"7532\" src=\"https:\/\/1u7l92bgaem.preview.infomaniak.website\/wp-content\/uploads\/2022\/10\/IMG_5334-1.jpg\" alt=\"\" class=\"wp-image-7532\" srcset=\"https:\/\/www.mfta.fr\/wp-content\/uploads\/2022\/10\/IMG_5334-1.jpg 640w, https:\/\/www.mfta.fr\/wp-content\/uploads\/2022\/10\/IMG_5334-1-600x600.jpg 600w, https:\/\/www.mfta.fr\/wp-content\/uploads\/2022\/10\/IMG_5334-1-300x300.jpg 300w, https:\/\/www.mfta.fr\/wp-content\/uploads\/2022\/10\/IMG_5334-1-12x12.jpg 12w, https:\/\/www.mfta.fr\/wp-content\/uploads\/2022\/10\/IMG_5334-1-100x100.jpg 100w, https:\/\/www.mfta.fr\/wp-content\/uploads\/2022\/10\/IMG_5334-1-64x64.jpg 64w\" sizes=\"(max-width: 640px) 100vw, 640px\" \/><figcaption class=\"wp-element-caption\">CHAMPAGNE 6626<\/figcaption><\/figure>\n\n\n\n<figure class=\"wp-block-image size-large\"><img decoding=\"async\" data-id=\"8907\" src=\"https:\/\/1u7l92bgaem.preview.infomaniak.website\/wp-content\/uploads\/2023\/09\/Cottage-5-1024x1024.png\" alt=\"\" class=\"wp-image-8907\"\/><\/figure>\n<\/figure>\n\n\n\n<h3 class=\"wp-block-heading\"><strong>Tejido jacquard<\/strong>- ancho 140 cm <\/h3>\n\n\n\n<figure class=\"wp-block-gallery has-nested-images columns-default is-cropped wp-block-gallery-7 is-layout-flex wp-block-gallery-is-layout-flex\">\n<figure class=\"wp-block-image size-large\"><img decoding=\"async\" width=\"640\" height=\"640\" data-id=\"7536\" src=\"https:\/\/1u7l92bgaem.preview.infomaniak.website\/wp-content\/uploads\/2022\/10\/IMG_5335-1.jpg\" alt=\"\" class=\"wp-image-7536\" srcset=\"https:\/\/www.mfta.fr\/wp-content\/uploads\/2022\/10\/IMG_5335-1.jpg 640w, https:\/\/www.mfta.fr\/wp-content\/uploads\/2022\/10\/IMG_5335-1-600x600.jpg 600w, https:\/\/www.mfta.fr\/wp-content\/uploads\/2022\/10\/IMG_5335-1-300x300.jpg 300w, https:\/\/www.mfta.fr\/wp-content\/uploads\/2022\/10\/IMG_5335-1-12x12.jpg 12w, https:\/\/www.mfta.fr\/wp-content\/uploads\/2022\/10\/IMG_5335-1-100x100.jpg 100w, https:\/\/www.mfta.fr\/wp-content\/uploads\/2022\/10\/IMG_5335-1-64x64.jpg 64w\" sizes=\"(max-width: 640px) 100vw, 640px\" \/><figcaption class=\"wp-element-caption\">NUIT DE NO\u00cbL 6840\/001<\/figcaption><\/figure>\n\n\n\n<figure class=\"wp-block-image size-large\"><img decoding=\"async\" width=\"640\" height=\"640\" data-id=\"7524\" src=\"https:\/\/1u7l92bgaem.preview.infomaniak.website\/wp-content\/uploads\/2022\/10\/IMG_5320.jpg\" alt=\"\" class=\"wp-image-7524\" srcset=\"https:\/\/www.mfta.fr\/wp-content\/uploads\/2022\/10\/IMG_5320.jpg 640w, https:\/\/www.mfta.fr\/wp-content\/uploads\/2022\/10\/IMG_5320-600x600.jpg 600w, https:\/\/www.mfta.fr\/wp-content\/uploads\/2022\/10\/IMG_5320-300x300.jpg 300w, https:\/\/www.mfta.fr\/wp-content\/uploads\/2022\/10\/IMG_5320-12x12.jpg 12w, https:\/\/www.mfta.fr\/wp-content\/uploads\/2022\/10\/IMG_5320-100x100.jpg 100w, https:\/\/www.mfta.fr\/wp-content\/uploads\/2022\/10\/IMG_5320-64x64.jpg 64w\" sizes=\"(max-width: 640px) 100vw, 640px\" \/><figcaption class=\"wp-element-caption\">COMETE 6744<\/figcaption><\/figure>\n\n\n\n<figure class=\"wp-block-image size-large\"><img decoding=\"async\" data-id=\"8907\" src=\"https:\/\/1u7l92bgaem.preview.infomaniak.website\/wp-content\/uploads\/2023\/09\/Cottage-5-1024x1024.png\" alt=\"\" class=\"wp-image-8907\"\/><\/figure>\n<\/figure>","protected":false},"excerpt":{"rendered":"<p>No\u00ebl est une p\u00e9riode pleine de magie\u2026 elle fait r\u00eaver les petits comme les grands&nbsp;! Les f\u00eates de fin d\u2019ann\u00e9e sont bien souvent l\u2019occasion de confectionner de petits objets pour embellir nos tables de f\u00eate et d\u00e9corer notre maison. Pour vous plonger dans cette ambiance festive et patienter jusqu\u2019au jour J, &nbsp;la MFTA vous propose [&hellip;]<\/p>\n","protected":false},"author":101,"featured_media":0,"parent":0,"menu_order":0,"comment_status":"closed","ping_status":"closed","template":"","meta":{"_acf_changed":false,"footnotes":""},"class_list":["post-7494","page","type-page","status-publish","hentry"],"blocksy_meta":{"styles_descriptor":{"styles":{"desktop":"","tablet":"","mobile":""},"google_fonts":[],"version":6}},"acf":[],"_links":{"self":[{"href":"https:\/\/www.mfta.fr\/es\/wp-json\/wp\/v2\/pages\/7494","targetHints":{"allow":["GET"]}}],"collection":[{"href":"https:\/\/www.mfta.fr\/es\/wp-json\/wp\/v2\/pages"}],"about":[{"href":"https:\/\/www.mfta.fr\/es\/wp-json\/wp\/v2\/types\/page"}],"author":[{"embeddable":true,"href":"https:\/\/www.mfta.fr\/es\/wp-json\/wp\/v2\/users\/101"}],"replies":[{"embeddable":true,"href":"https:\/\/www.mfta.fr\/es\/wp-json\/wp\/v2\/comments?post=7494"}],"version-history":[{"count":13,"href":"https:\/\/www.mfta.fr\/es\/wp-json\/wp\/v2\/pages\/7494\/revisions"}],"predecessor-version":[{"id":8909,"href":"https:\/\/www.mfta.fr\/es\/wp-json\/wp\/v2\/pages\/7494\/revisions\/8909"}],"wp:attachment":[{"href":"https:\/\/www.mfta.fr\/es\/wp-json\/wp\/v2\/media?parent=7494"}],"curies":[{"name":"wp","href":"https:\/\/api.w.org\/{rel}","templated":true}]}}