{"id":11846,"date":"2025-10-30T11:23:57","date_gmt":"2025-10-30T10:23:57","guid":{"rendered":"https:\/\/www.mfta.fr\/?post_type=product&#038;p=11846"},"modified":"2025-12-19T09:28:39","modified_gmt":"2025-12-19T08:28:39","slug":"suzy","status":"publish","type":"product","link":"https:\/\/www.mfta.fr\/es\/producto\/suzy\/","title":{"rendered":"Suzy"},"content":{"rendered":"","protected":false},"excerpt":{"rendered":"<p>Reference : <strong>5075<\/strong><br \/>\nSupport : Cretonne<br \/>\nComposition : 100% cotton<\/p>\n<p>Laize : 160 cm<\/p>\n<p>Coloris 1 \u00e0 4: coordonn\u00e9s au dessin Suzanne 5074 &#8211; disponible en matelass\u00e9<\/p>\n<p>Coloris 6 \u00e0 9: coordonn\u00e9s au dessin Mini Pastoral 4452 &#8211; disponible en matelass\u00e9<\/p>","protected":false},"featured_media":12054,"template":"","meta":{"_acf_changed":false},"product_brand":[],"product_cat":[2114,543,75,1475],"product_tag":[1580],"class_list":{"0":"post-11846","1":"product","2":"type-product","3":"status-publish","4":"has-post-thumbnail","6":"product_cat-collection-printemps-ete-2026","7":"product_cat-cretonne","8":"product_cat-cretonnes","9":"product_cat-rayure-theme","10":"product_tag-rayures","11":"pa_composition-100-coton","12":"pa_laize-160-cm","13":"pa_support-cretonne","15":"first","16":"instock","17":"shipping-taxable","18":"product-type-variable","19":"has-default-attributes"},"acf":[],"_links":{"self":[{"href":"https:\/\/www.mfta.fr\/es\/wp-json\/wp\/v2\/product\/11846","targetHints":{"allow":["GET"]}}],"collection":[{"href":"https:\/\/www.mfta.fr\/es\/wp-json\/wp\/v2\/product"}],"about":[{"href":"https:\/\/www.mfta.fr\/es\/wp-json\/wp\/v2\/types\/product"}],"wp:featuredmedia":[{"embeddable":true,"href":"https:\/\/www.mfta.fr\/es\/wp-json\/wp\/v2\/media\/12054"}],"wp:attachment":[{"href":"https:\/\/www.mfta.fr\/es\/wp-json\/wp\/v2\/media?parent=11846"}],"wp:term":[{"taxonomy":"product_brand","embeddable":true,"href":"https:\/\/www.mfta.fr\/es\/wp-json\/wp\/v2\/product_brand?post=11846"},{"taxonomy":"product_cat","embeddable":true,"href":"https:\/\/www.mfta.fr\/es\/wp-json\/wp\/v2\/product_cat?post=11846"},{"taxonomy":"product_tag","embeddable":true,"href":"https:\/\/www.mfta.fr\/es\/wp-json\/wp\/v2\/product_tag?post=11846"}],"curies":[{"name":"wp","href":"https:\/\/api.w.org\/{rel}","templated":true}]}}